{"id":47571,"date":"2026-01-27T21:41:55","date_gmt":"2026-01-27T21:41:55","guid":{"rendered":"https:\/\/www.deporteseli.com\/?product=tenis-adidas-ih9995"},"modified":"2026-03-07T06:34:49","modified_gmt":"2026-03-07T06:34:49","slug":"tenis-adidas-ih9995","status":"publish","type":"product","link":"https:\/\/www.deporteseli.com\/?product=tenis-adidas-ih9995","title":{"rendered":"TENIS ADIDAS IH9995"},"content":{"rendered":"<p>Derrocha confianza en las calles  Esta zapatilla adidas VL Court Bold te ofrece un dise\u00f1o perfectamente equilibrado. Luce un silueta de ca\u00f1a baja en contraste con una suela de plataforma gruesa que te regala unos cent\u00edmetros m\u00e1s de altura y un toque extra de estilo. El empeine de piel, el forro textil y la suela de goma resistente al desgaste se combinan para proporcionarte una pisada m\u00e1s c\u00f3moda.  Horma cl\u00e1sica  Cierre de cordones  Empeine de piel  Forro textil  Suela de goma  Color del art\u00edculo: Core Black \/ Cloud White \/ Cloud White  N\u00famero de art\u00edculo: IH9995                                                                                                                                                                                                                                                                                                                                                                                                                                                                                                                                                                                                                                                                                                                                                                                                                                                                                                                                                                                                                                        <\/p>\n","protected":false},"excerpt":{"rendered":"<p>TENIS ADIDAS IH9995<\/p>\n","protected":false},"featured_media":59915,"template":"","meta":[],"product_brand":[],"product_cat":[287],"product_tag":[18],"class_list":{"0":"post-47571","1":"product","2":"type-product","3":"status-publish","4":"has-post-thumbnail","6":"product_cat-mujer_calzado_casual","7":"product_tag-adidas","8":"pa_color-unico","9":"pa_talla-36-5","10":"pa_talla-37-5","11":"pa_talla-145","12":"pa_talla-38-5","13":"pa_talla-39-5","14":"thunk-woo-product-list","15":"opn-qv-enable","16":"open-woo-hover-","17":"open-single-product-tab-horizontal","18":"open-shadow-","19":"open-shadow-hover-","21":"first","22":"instock","23":"sale","24":"shipping-taxable","25":"purchasable","26":"product-type-variable"},"jetpack_sharing_enabled":true,"_links":{"self":[{"href":"https:\/\/www.deporteseli.com\/index.php?rest_route=\/wp\/v2\/product\/47571","targetHints":{"allow":["GET"]}}],"collection":[{"href":"https:\/\/www.deporteseli.com\/index.php?rest_route=\/wp\/v2\/product"}],"about":[{"href":"https:\/\/www.deporteseli.com\/index.php?rest_route=\/wp\/v2\/types\/product"}],"wp:featuredmedia":[{"embeddable":true,"href":"https:\/\/www.deporteseli.com\/index.php?rest_route=\/wp\/v2\/media\/59915"}],"wp:attachment":[{"href":"https:\/\/www.deporteseli.com\/index.php?rest_route=%2Fwp%2Fv2%2Fmedia&parent=47571"}],"wp:term":[{"taxonomy":"product_brand","embeddable":true,"href":"https:\/\/www.deporteseli.com\/index.php?rest_route=%2Fwp%2Fv2%2Fproduct_brand&post=47571"},{"taxonomy":"product_cat","embeddable":true,"href":"https:\/\/www.deporteseli.com\/index.php?rest_route=%2Fwp%2Fv2%2Fproduct_cat&post=47571"},{"taxonomy":"product_tag","embeddable":true,"href":"https:\/\/www.deporteseli.com\/index.php?rest_route=%2Fwp%2Fv2%2Fproduct_tag&post=47571"}],"curies":[{"name":"wp","href":"https:\/\/api.w.org\/{rel}","templated":true}]}}