{"id":47553,"date":"2026-01-27T21:41:33","date_gmt":"2026-01-27T21:41:33","guid":{"rendered":"https:\/\/www.deporteseli.com\/?product=tenis-adidas-if4031"},"modified":"2026-03-17T05:19:09","modified_gmt":"2026-03-17T05:19:09","slug":"tenis-adidas-if4031","status":"publish","type":"product","link":"https:\/\/www.deporteseli.com\/?product=tenis-adidas-if4031","title":{"rendered":"TENIS ADIDAS IF4031"},"content":{"rendered":"<p>Confort y estilo para tu rutina diaria  Completa tu lista de tareas pendientes con esta zapatilla adidas. Presenta una parte superior de suave piel sint\u00e9tica y un forro que aporta mayor comodidad. Luce una puntera reforzada que te ofrece mayor protecci\u00f3n y la cl\u00e1sica suela de goma que resiste los rigores del d\u00eda a d\u00eda. Su silueta minimalista con las emblem\u00e1ticas 3 bandas te garantiza un estilo impecable.  Horma cl\u00e1sica  Cierre de cordones  Parte superior de piel sint\u00e9tica  Puntera reforzada  Forro textil  Suela de goma  Color del art\u00edculo: Cloud White \/ Cloud White \/ Cloud White  N\u00famero de art\u00edculo: IF4031                                                                                                                                                                                                                                                                                                                                                                                                                                                                                                                                                                                                                                                                                                                                                                                                                                                                                                                                                                                                                                        <\/p>\n","protected":false},"excerpt":{"rendered":"<p>TENIS ADIDAS IF4031<\/p>\n","protected":false},"featured_media":59910,"template":"","meta":[],"product_brand":[],"product_cat":[261],"product_tag":[18],"class_list":{"0":"post-47553","1":"product","2":"type-product","3":"status-publish","4":"has-post-thumbnail","6":"product_cat-hombre_calzado_casual","7":"product_tag-adidas","8":"pa_color-unico","9":"pa_talla-141","10":"pa_talla-36-5","11":"pa_talla-37-5","12":"pa_talla-145","13":"pa_talla-38-5","14":"pa_talla-39-5","15":"pa_talla-149","16":"pa_talla-40-5","17":"pa_talla-41-5","18":"pa_talla-153","19":"pa_talla-42-5","20":"pa_talla-43-5","21":"pa_talla-157","22":"pa_talla-44-5","23":"pa_talla-45-5","24":"pa_talla-161","25":"pa_talla-163","26":"thunk-woo-product-list","27":"opn-qv-enable","28":"open-woo-hover-","29":"open-single-product-tab-horizontal","30":"open-shadow-","31":"open-shadow-hover-","33":"first","34":"instock","35":"sale","36":"shipping-taxable","37":"purchasable","38":"product-type-variable"},"jetpack_sharing_enabled":true,"_links":{"self":[{"href":"https:\/\/www.deporteseli.com\/index.php?rest_route=\/wp\/v2\/product\/47553","targetHints":{"allow":["GET"]}}],"collection":[{"href":"https:\/\/www.deporteseli.com\/index.php?rest_route=\/wp\/v2\/product"}],"about":[{"href":"https:\/\/www.deporteseli.com\/index.php?rest_route=\/wp\/v2\/types\/product"}],"wp:featuredmedia":[{"embeddable":true,"href":"https:\/\/www.deporteseli.com\/index.php?rest_route=\/wp\/v2\/media\/59910"}],"wp:attachment":[{"href":"https:\/\/www.deporteseli.com\/index.php?rest_route=%2Fwp%2Fv2%2Fmedia&parent=47553"}],"wp:term":[{"taxonomy":"product_brand","embeddable":true,"href":"https:\/\/www.deporteseli.com\/index.php?rest_route=%2Fwp%2Fv2%2Fproduct_brand&post=47553"},{"taxonomy":"product_cat","embeddable":true,"href":"https:\/\/www.deporteseli.com\/index.php?rest_route=%2Fwp%2Fv2%2Fproduct_cat&post=47553"},{"taxonomy":"product_tag","embeddable":true,"href":"https:\/\/www.deporteseli.com\/index.php?rest_route=%2Fwp%2Fv2%2Fproduct_tag&post=47553"}],"curies":[{"name":"wp","href":"https:\/\/api.w.org\/{rel}","templated":true}]}}