{"id":47547,"date":"2026-01-27T21:41:25","date_gmt":"2026-01-27T21:41:25","guid":{"rendered":"https:\/\/www.deporteseli.com\/?product=pantalon-adidas-jv9848"},"modified":"2026-03-07T06:34:48","modified_gmt":"2026-03-07T06:34:48","slug":"pantalon-adidas-jv9848","status":"publish","type":"product","link":"https:\/\/www.deporteseli.com\/?product=pantalon-adidas-jv9848","title":{"rendered":"PANTALON ADIDAS JV9848"},"content":{"rendered":"<p>Mu\u00e9vete c\u00f3moda y con estilo  Corre, baila o simplemente rel\u00e1jate con total confianza gracias a estas mallas adidas para j\u00f3venes imparables. Se han confeccionado en un tejido de algod\u00f3n suave y el\u00e1stico y presentan un corte ajustado que favorece tu silueta. La tecnolog\u00eda CLIMACOOL aleja el sudor de la piel, manteni\u00e9ndola fresca y seca para minimizar las distracciones y optimizar tu rendimiento.    CLIMACOOL te ayuda a gestionar la transpiraci\u00f3n con materiales que expulsan la humedad r\u00e1pidamente. Sus fibras de secado r\u00e1pido te proporcionan una agradable sensaci\u00f3n de frescura.    Este producto contiene al menos un 70% de materiales reciclados. Utilizando materiales reciclados, reducimos los residuos, nuestra dependencia de los recursos finitos y la huella que generan los productos que fabricamos.  Corte ajustado de talle alto  Cintura el\u00e1stica  75% poli\u00e9ster (reciclado) \/ 25% elastano  Tejido suave con tacto de algod\u00f3n  CLIMACOOL  Dise\u00f1o transpirable  Material transpirable de secado r\u00e1pido  Color del art\u00edculo: Powder Plum \/ White  N\u00famero de art\u00edculo: JV9848                                                                                                                                                                                                                                                                                                                                                                                                                                                                                                                                                                                                                                                                                                                                                                                                                                                                                                                                                                                                                                        <\/p>\n","protected":false},"excerpt":{"rendered":"<p>PANTALON ADIDAS JV9848<\/p>\n","protected":false},"featured_media":59906,"template":"","meta":[],"product_brand":[],"product_cat":[386],"product_tag":[18],"class_list":{"0":"post-47547","1":"product","2":"type-product","3":"status-publish","4":"has-post-thumbnail","6":"product_cat-ninas_textil_mallas","7":"product_tag-adidas","8":"pa_color-unico","9":"pa_talla-t-10","10":"pa_talla-t-12","11":"pa_talla-t-14","12":"pa_talla-t-16","13":"pa_talla-t-8","14":"thunk-woo-product-list","15":"opn-qv-enable","16":"open-woo-hover-","17":"open-single-product-tab-horizontal","18":"open-shadow-","19":"open-shadow-hover-","21":"first","22":"instock","23":"shipping-taxable","24":"purchasable","25":"product-type-variable"},"jetpack_sharing_enabled":true,"_links":{"self":[{"href":"https:\/\/www.deporteseli.com\/index.php?rest_route=\/wp\/v2\/product\/47547","targetHints":{"allow":["GET"]}}],"collection":[{"href":"https:\/\/www.deporteseli.com\/index.php?rest_route=\/wp\/v2\/product"}],"about":[{"href":"https:\/\/www.deporteseli.com\/index.php?rest_route=\/wp\/v2\/types\/product"}],"wp:featuredmedia":[{"embeddable":true,"href":"https:\/\/www.deporteseli.com\/index.php?rest_route=\/wp\/v2\/media\/59906"}],"wp:attachment":[{"href":"https:\/\/www.deporteseli.com\/index.php?rest_route=%2Fwp%2Fv2%2Fmedia&parent=47547"}],"wp:term":[{"taxonomy":"product_brand","embeddable":true,"href":"https:\/\/www.deporteseli.com\/index.php?rest_route=%2Fwp%2Fv2%2Fproduct_brand&post=47547"},{"taxonomy":"product_cat","embeddable":true,"href":"https:\/\/www.deporteseli.com\/index.php?rest_route=%2Fwp%2Fv2%2Fproduct_cat&post=47547"},{"taxonomy":"product_tag","embeddable":true,"href":"https:\/\/www.deporteseli.com\/index.php?rest_route=%2Fwp%2Fv2%2Fproduct_tag&post=47547"}],"curies":[{"name":"wp","href":"https:\/\/api.w.org\/{rel}","templated":true}]}}