{"id":47541,"date":"2026-01-27T21:41:16","date_gmt":"2026-01-27T21:41:16","guid":{"rendered":"https:\/\/www.deporteseli.com\/?product=tenis-adidas-ji3010"},"modified":"2026-03-10T05:23:51","modified_gmt":"2026-03-10T05:23:51","slug":"tenis-adidas-ji3010","status":"publish","type":"product","link":"https:\/\/www.deporteseli.com\/?product=tenis-adidas-ji3010","title":{"rendered":"TENIS ADIDAS JI3010"},"content":{"rendered":"<p>Descripci\u00f3n  Te has apuntado a tu primera carrera. Ahora te toca entrenar. Esta zapatilla de running adidas te ayuda a mejorar tu constancia, velocidad y resistencia kil\u00f3metro a kil\u00f3metro. Presenta un dise\u00f1o ligero con un empeine de malla transpirable y una mediasuela LIGHTMOTION que te proporciona una m\u00e1xima respuesta y estabilidad. La suela Adiwear de gran resistencia al desgaste te garantiza un excelente agarre en pista o asfalto.                                                                                                                                                                                                                                                                                                                                                                                                                                                                                                                                                                                                                                                                                                                                                                                                                                                                                                                                                                                                                                        <\/p>\n","protected":false},"excerpt":{"rendered":"<p>TENIS ADIDAS JI3010<\/p>\n","protected":false},"featured_media":59901,"template":"","meta":[],"product_brand":[],"product_cat":[259],"product_tag":[18],"class_list":{"0":"post-47541","1":"product","2":"type-product","3":"status-publish","4":"has-post-thumbnail","6":"product_cat-hombre_calzado_running","7":"product_tag-adidas","8":"pa_color-unico","9":"pa_talla-41-5","10":"pa_talla-157","11":"pa_talla-45-5","12":"pa_talla-161","13":"pa_talla-164","14":"thunk-woo-product-list","15":"opn-qv-enable","16":"open-woo-hover-","17":"open-single-product-tab-horizontal","18":"open-shadow-","19":"open-shadow-hover-","21":"first","22":"instock","23":"sale","24":"shipping-taxable","25":"purchasable","26":"product-type-variable"},"jetpack_sharing_enabled":true,"_links":{"self":[{"href":"https:\/\/www.deporteseli.com\/index.php?rest_route=\/wp\/v2\/product\/47541","targetHints":{"allow":["GET"]}}],"collection":[{"href":"https:\/\/www.deporteseli.com\/index.php?rest_route=\/wp\/v2\/product"}],"about":[{"href":"https:\/\/www.deporteseli.com\/index.php?rest_route=\/wp\/v2\/types\/product"}],"wp:featuredmedia":[{"embeddable":true,"href":"https:\/\/www.deporteseli.com\/index.php?rest_route=\/wp\/v2\/media\/59901"}],"wp:attachment":[{"href":"https:\/\/www.deporteseli.com\/index.php?rest_route=%2Fwp%2Fv2%2Fmedia&parent=47541"}],"wp:term":[{"taxonomy":"product_brand","embeddable":true,"href":"https:\/\/www.deporteseli.com\/index.php?rest_route=%2Fwp%2Fv2%2Fproduct_brand&post=47541"},{"taxonomy":"product_cat","embeddable":true,"href":"https:\/\/www.deporteseli.com\/index.php?rest_route=%2Fwp%2Fv2%2Fproduct_cat&post=47541"},{"taxonomy":"product_tag","embeddable":true,"href":"https:\/\/www.deporteseli.com\/index.php?rest_route=%2Fwp%2Fv2%2Fproduct_tag&post=47541"}],"curies":[{"name":"wp","href":"https:\/\/api.w.org\/{rel}","templated":true}]}}