{"id":47535,"date":"2026-01-27T21:41:09","date_gmt":"2026-01-27T21:41:09","guid":{"rendered":"https:\/\/www.deporteseli.com\/?product=camisa-8000-portu"},"modified":"2026-03-07T06:34:42","modified_gmt":"2026-03-07T06:34:42","slug":"camisa-8000-portu","status":"publish","type":"product","link":"https:\/\/www.deporteseli.com\/?product=camisa-8000-portu","title":{"rendered":"CAMISA  8000 PORTU"},"content":{"rendered":"<p>Camiseta  8000 Portu Hombre con media cremallera autolock, tejido el\u00e1stico poli\u00e9ster-elast\u00e1n con interior polar. Paneles bajo brazo, tapeta para barbilla, secado r\u00e1pido Quicker\u00a0Dry. Camiseta monta\u00f1a hombre c\u00e1lida, transpirable y c\u00f3moda para monta\u00f1a y trail 2025.                                                                                                                                                                                                                                                                                                                                                                                                                                                                                                                                                                                                                                                                                                                                                                                                                                                                                                                                                                                                                                        <\/p>\n","protected":false},"excerpt":{"rendered":"<p>CAMISA  8000 PORTU<\/p>\n","protected":false},"featured_media":59894,"template":"","meta":[],"product_brand":[],"product_cat":[245],"product_tag":[53],"class_list":{"0":"post-47535","1":"product","2":"type-product","3":"status-publish","4":"has-post-thumbnail","6":"product_cat-hombre_textil_camisetas","7":"product_tag-_8000","8":"pa_color-unico","9":"pa_talla-l","10":"pa_talla-m","11":"thunk-woo-product-list","12":"opn-qv-enable","13":"open-woo-hover-","14":"open-single-product-tab-horizontal","15":"open-shadow-","16":"open-shadow-hover-","18":"first","19":"instock","20":"shipping-taxable","21":"purchasable","22":"product-type-variable"},"jetpack_sharing_enabled":true,"_links":{"self":[{"href":"https:\/\/www.deporteseli.com\/index.php?rest_route=\/wp\/v2\/product\/47535","targetHints":{"allow":["GET"]}}],"collection":[{"href":"https:\/\/www.deporteseli.com\/index.php?rest_route=\/wp\/v2\/product"}],"about":[{"href":"https:\/\/www.deporteseli.com\/index.php?rest_route=\/wp\/v2\/types\/product"}],"wp:featuredmedia":[{"embeddable":true,"href":"https:\/\/www.deporteseli.com\/index.php?rest_route=\/wp\/v2\/media\/59894"}],"wp:attachment":[{"href":"https:\/\/www.deporteseli.com\/index.php?rest_route=%2Fwp%2Fv2%2Fmedia&parent=47535"}],"wp:term":[{"taxonomy":"product_brand","embeddable":true,"href":"https:\/\/www.deporteseli.com\/index.php?rest_route=%2Fwp%2Fv2%2Fproduct_brand&post=47535"},{"taxonomy":"product_cat","embeddable":true,"href":"https:\/\/www.deporteseli.com\/index.php?rest_route=%2Fwp%2Fv2%2Fproduct_cat&post=47535"},{"taxonomy":"product_tag","embeddable":true,"href":"https:\/\/www.deporteseli.com\/index.php?rest_route=%2Fwp%2Fv2%2Fproduct_tag&post=47535"}],"curies":[{"name":"wp","href":"https:\/\/api.w.org\/{rel}","templated":true}]}}