{"id":47521,"date":"2026-01-27T21:40:52","date_gmt":"2026-01-27T21:40:52","guid":{"rendered":"https:\/\/www.deporteseli.com\/?product=sudadera-adidas-jy4983"},"modified":"2026-03-07T06:34:39","modified_gmt":"2026-03-07T06:34:39","slug":"sudadera-adidas-jy4983","status":"publish","type":"product","link":"https:\/\/www.deporteseli.com\/?product=sudadera-adidas-jy4983","title":{"rendered":"SUDADERA ADIDAS JY4983"},"content":{"rendered":"<p>Descripci\u00f3n  Algunos d\u00edas vas a mil y otros solo te apetece desconectar y pasar un buen rato con tus amigas. Sean cuales sean tus planes, esta sudadera con capucha adidas para j\u00f3venes imparables te ofrece el confort que necesitas en todo momento. Se ha confeccionado en un tejido de felpa suave que te envuelve en calidez y cuenta con pu\u00f1os de canal\u00e9 que te protegen del fr\u00edo.  Al elegir materiales reciclados, podemos dar nueva vida a materiales que ya se han utilizado, lo que contribuye a reducir los residuos. La utilizaci\u00f3n de materiales renovables nos ayuda a acabar con nuestra dependencia de los recursos finitos. Nuestros productos fabricados con materiales reciclados y renovables contienen al menos un 70% de estos materiales.                                                                                                                                                                                                                                                                                                                                                                                                                                                                                                                                                                                                                                                                                                                                                                                                                                                                                                                                                                                                                                        <\/p>\n","protected":false},"excerpt":{"rendered":"<p>SUDADERA ADIDAS JY4983<\/p>\n","protected":false},"featured_media":59880,"template":"","meta":[],"product_brand":[],"product_cat":[384],"product_tag":[18],"class_list":{"0":"post-47521","1":"product","2":"type-product","3":"status-publish","4":"has-post-thumbnail","6":"product_cat-ninas_textil_sudaderas","7":"product_tag-adidas","8":"pa_color-unico","9":"pa_talla-t-12","10":"pa_talla-t-14","11":"pa_talla-t-16","12":"thunk-woo-product-list","13":"opn-qv-enable","14":"open-woo-hover-","15":"open-single-product-tab-horizontal","16":"open-shadow-","17":"open-shadow-hover-","19":"first","20":"instock","21":"shipping-taxable","22":"purchasable","23":"product-type-variable"},"jetpack_sharing_enabled":true,"_links":{"self":[{"href":"https:\/\/www.deporteseli.com\/index.php?rest_route=\/wp\/v2\/product\/47521","targetHints":{"allow":["GET"]}}],"collection":[{"href":"https:\/\/www.deporteseli.com\/index.php?rest_route=\/wp\/v2\/product"}],"about":[{"href":"https:\/\/www.deporteseli.com\/index.php?rest_route=\/wp\/v2\/types\/product"}],"wp:featuredmedia":[{"embeddable":true,"href":"https:\/\/www.deporteseli.com\/index.php?rest_route=\/wp\/v2\/media\/59880"}],"wp:attachment":[{"href":"https:\/\/www.deporteseli.com\/index.php?rest_route=%2Fwp%2Fv2%2Fmedia&parent=47521"}],"wp:term":[{"taxonomy":"product_brand","embeddable":true,"href":"https:\/\/www.deporteseli.com\/index.php?rest_route=%2Fwp%2Fv2%2Fproduct_brand&post=47521"},{"taxonomy":"product_cat","embeddable":true,"href":"https:\/\/www.deporteseli.com\/index.php?rest_route=%2Fwp%2Fv2%2Fproduct_cat&post=47521"},{"taxonomy":"product_tag","embeddable":true,"href":"https:\/\/www.deporteseli.com\/index.php?rest_route=%2Fwp%2Fv2%2Fproduct_tag&post=47521"}],"curies":[{"name":"wp","href":"https:\/\/api.w.org\/{rel}","templated":true}]}}