{"id":47516,"date":"2026-01-27T21:40:45","date_gmt":"2026-01-27T21:40:45","guid":{"rendered":"https:\/\/www.deporteseli.com\/?product=chandal-adidas-jn2426"},"modified":"2026-03-07T06:34:35","modified_gmt":"2026-03-07T06:34:35","slug":"chandal-adidas-jn2426","status":"publish","type":"product","link":"https:\/\/www.deporteseli.com\/?product=chandal-adidas-jn2426","title":{"rendered":"CHANDAL ADIDAS JN2426"},"content":{"rendered":"<p>Descripci\u00f3n  Este ch\u00e1ndal adidas es todo comodidad y facilidad. Est\u00e1 confeccionado con un suave tejido de felpa franc\u00e9s que resulta c\u00e1lido tanto si est\u00e1s acurrucado en el sof\u00e1 como si sales de excursi\u00f3n con los amigos. Tanto la chaqueta como el pantal\u00f3n tienen un corte holgado que te permite moverte sin restricciones. Cuando la comodidad llama, este ch\u00e1ndal responde.                                                                                                                                                                                                                                                                                                                                                                                                                                                                                                                                                                                                                                                                                                                                                                                                                                                                                                                                                                                                                                        <\/p>\n","protected":false},"excerpt":{"rendered":"<p>CHANDAL ADIDAS JN2426<\/p>\n","protected":false},"featured_media":59876,"template":"","meta":[],"product_brand":[],"product_cat":[380],"product_tag":[18],"class_list":{"0":"post-47516","1":"product","2":"type-product","3":"status-publish","4":"has-post-thumbnail","6":"product_cat-ninas_textil_chandals","7":"product_tag-adidas","8":"pa_color-unico","9":"pa_talla-t-10","10":"pa_talla-t-12","11":"pa_talla-t-14","12":"pa_talla-t-8","13":"thunk-woo-product-list","14":"opn-qv-enable","15":"open-woo-hover-","16":"open-single-product-tab-horizontal","17":"open-shadow-","18":"open-shadow-hover-","20":"first","21":"instock","22":"shipping-taxable","23":"purchasable","24":"product-type-variable"},"jetpack_sharing_enabled":true,"_links":{"self":[{"href":"https:\/\/www.deporteseli.com\/index.php?rest_route=\/wp\/v2\/product\/47516","targetHints":{"allow":["GET"]}}],"collection":[{"href":"https:\/\/www.deporteseli.com\/index.php?rest_route=\/wp\/v2\/product"}],"about":[{"href":"https:\/\/www.deporteseli.com\/index.php?rest_route=\/wp\/v2\/types\/product"}],"wp:featuredmedia":[{"embeddable":true,"href":"https:\/\/www.deporteseli.com\/index.php?rest_route=\/wp\/v2\/media\/59876"}],"wp:attachment":[{"href":"https:\/\/www.deporteseli.com\/index.php?rest_route=%2Fwp%2Fv2%2Fmedia&parent=47516"}],"wp:term":[{"taxonomy":"product_brand","embeddable":true,"href":"https:\/\/www.deporteseli.com\/index.php?rest_route=%2Fwp%2Fv2%2Fproduct_brand&post=47516"},{"taxonomy":"product_cat","embeddable":true,"href":"https:\/\/www.deporteseli.com\/index.php?rest_route=%2Fwp%2Fv2%2Fproduct_cat&post=47516"},{"taxonomy":"product_tag","embeddable":true,"href":"https:\/\/www.deporteseli.com\/index.php?rest_route=%2Fwp%2Fv2%2Fproduct_tag&post=47516"}],"curies":[{"name":"wp","href":"https:\/\/api.w.org\/{rel}","templated":true}]}}