{"id":47467,"date":"2026-01-27T21:39:42","date_gmt":"2026-01-27T21:39:42","guid":{"rendered":"https:\/\/www.deporteseli.com\/?product=camisa-adidas-kc5383"},"modified":"2026-03-07T06:33:56","modified_gmt":"2026-03-07T06:33:56","slug":"camisa-adidas-kc5383","status":"publish","type":"product","link":"https:\/\/www.deporteseli.com\/?product=camisa-adidas-kc5383","title":{"rendered":"CAMISA ADIDAS KC5383"},"content":{"rendered":"<p>Una camiseta pensada tanto para d\u00edas activos como para momentos de relax.  Ya est\u00e9s fuera de casa o tomando un descanso, esta camiseta adidas te ofrece comodidad total. Su tejido de algod\u00f3n con un toque el\u00e1stico es suave al contacto con la piel. El eslogan frontal aporta car\u00e1cter y un aire deportivo al look.  Corte cl\u00e1sico  Cuello redondo  95 % algod\u00f3n, 5 % elastano  Color del art\u00edculo: Preloved Teal  N\u00famero de art\u00edculo: KC5383                                                                                                                                                                                                                                                                                                                                                                                                                                                                                                                                                                                                                                                                                                                                                                                                                                                                                                                                                                                                                                        <\/p>\n","protected":false},"excerpt":{"rendered":"<p>CAMISA ADIDAS KC5383<\/p>\n","protected":false},"featured_media":59836,"template":"","meta":[],"product_brand":[],"product_cat":[296],"product_tag":[18],"class_list":{"0":"post-47467","1":"product","2":"type-product","3":"status-publish","4":"has-post-thumbnail","6":"product_cat-nino_textil_camisetas","7":"product_tag-adidas","8":"pa_color-unico","9":"pa_talla-t-10","10":"pa_talla-t-16","11":"pa_talla-t-8","12":"thunk-woo-product-list","13":"opn-qv-enable","14":"open-woo-hover-","15":"open-single-product-tab-horizontal","16":"open-shadow-","17":"open-shadow-hover-","19":"first","20":"instock","21":"shipping-taxable","22":"purchasable","23":"product-type-variable"},"jetpack_sharing_enabled":true,"_links":{"self":[{"href":"https:\/\/www.deporteseli.com\/index.php?rest_route=\/wp\/v2\/product\/47467","targetHints":{"allow":["GET"]}}],"collection":[{"href":"https:\/\/www.deporteseli.com\/index.php?rest_route=\/wp\/v2\/product"}],"about":[{"href":"https:\/\/www.deporteseli.com\/index.php?rest_route=\/wp\/v2\/types\/product"}],"wp:featuredmedia":[{"embeddable":true,"href":"https:\/\/www.deporteseli.com\/index.php?rest_route=\/wp\/v2\/media\/59836"}],"wp:attachment":[{"href":"https:\/\/www.deporteseli.com\/index.php?rest_route=%2Fwp%2Fv2%2Fmedia&parent=47467"}],"wp:term":[{"taxonomy":"product_brand","embeddable":true,"href":"https:\/\/www.deporteseli.com\/index.php?rest_route=%2Fwp%2Fv2%2Fproduct_brand&post=47467"},{"taxonomy":"product_cat","embeddable":true,"href":"https:\/\/www.deporteseli.com\/index.php?rest_route=%2Fwp%2Fv2%2Fproduct_cat&post=47467"},{"taxonomy":"product_tag","embeddable":true,"href":"https:\/\/www.deporteseli.com\/index.php?rest_route=%2Fwp%2Fv2%2Fproduct_tag&post=47467"}],"curies":[{"name":"wp","href":"https:\/\/api.w.org\/{rel}","templated":true}]}}