{"id":47464,"date":"2026-01-27T21:39:39","date_gmt":"2026-01-27T21:39:39","guid":{"rendered":"https:\/\/www.deporteseli.com\/?product=pantalon-adidas-kc2777"},"modified":"2026-03-17T05:19:06","modified_gmt":"2026-03-17T05:19:06","slug":"pantalon-adidas-kc2777","status":"publish","type":"product","link":"https:\/\/www.deporteseli.com\/?product=pantalon-adidas-kc2777","title":{"rendered":"PANTALON ADIDAS KC2777"},"content":{"rendered":"<p>Pantal\u00f3n de felpa suave y c\u00f3moda.  Dise\u00f1ados para seguir el ritmo de los m\u00e1s peques, estos pantalones adidas no se quedan atr\u00e1s. Su tejido de felpa suave ofrece comodidad tanto en el parque como en casa. Gracias al cord\u00f3n ajustable, se adaptan perfectamente a su cintura.  Corte cl\u00e1sico  Cintura el\u00e1stica  71 % algod\u00f3n, 29 % poli\u00e9ster (reciclado)  Color del art\u00edculo: Preloved Teal  N\u00famero de art\u00edculo: KC2777                                                                                                                                                                                                                                                                                                                                                                                                                                                                                                                                                                                                                                                                                                                                                                                                                                                                                                                                                                                                                                        <\/p>\n","protected":false},"excerpt":{"rendered":"<p>PANTALON ADIDAS KC2777<\/p>\n","protected":false},"featured_media":59833,"template":"","meta":[],"product_brand":[],"product_cat":[301],"product_tag":[18],"class_list":{"0":"post-47464","1":"product","2":"type-product","3":"status-publish","4":"has-post-thumbnail","6":"product_cat-nino_textil_pantalones","7":"product_tag-adidas","8":"pa_color-unico","9":"pa_talla-t-12","10":"pa_talla-t-16","11":"thunk-woo-product-list","12":"opn-qv-enable","13":"open-woo-hover-","14":"open-single-product-tab-horizontal","15":"open-shadow-","16":"open-shadow-hover-","18":"first","19":"instock","20":"shipping-taxable","21":"purchasable","22":"product-type-variable"},"jetpack_sharing_enabled":true,"_links":{"self":[{"href":"https:\/\/www.deporteseli.com\/index.php?rest_route=\/wp\/v2\/product\/47464","targetHints":{"allow":["GET"]}}],"collection":[{"href":"https:\/\/www.deporteseli.com\/index.php?rest_route=\/wp\/v2\/product"}],"about":[{"href":"https:\/\/www.deporteseli.com\/index.php?rest_route=\/wp\/v2\/types\/product"}],"wp:featuredmedia":[{"embeddable":true,"href":"https:\/\/www.deporteseli.com\/index.php?rest_route=\/wp\/v2\/media\/59833"}],"wp:attachment":[{"href":"https:\/\/www.deporteseli.com\/index.php?rest_route=%2Fwp%2Fv2%2Fmedia&parent=47464"}],"wp:term":[{"taxonomy":"product_brand","embeddable":true,"href":"https:\/\/www.deporteseli.com\/index.php?rest_route=%2Fwp%2Fv2%2Fproduct_brand&post=47464"},{"taxonomy":"product_cat","embeddable":true,"href":"https:\/\/www.deporteseli.com\/index.php?rest_route=%2Fwp%2Fv2%2Fproduct_cat&post=47464"},{"taxonomy":"product_tag","embeddable":true,"href":"https:\/\/www.deporteseli.com\/index.php?rest_route=%2Fwp%2Fv2%2Fproduct_tag&post=47464"}],"curies":[{"name":"wp","href":"https:\/\/api.w.org\/{rel}","templated":true}]}}