{"id":47449,"date":"2026-01-27T21:39:21","date_gmt":"2026-01-27T21:39:21","guid":{"rendered":"https:\/\/www.deporteseli.com\/?product=falda-bullpadel-elido-azabache"},"modified":"2026-03-07T06:33:41","modified_gmt":"2026-03-07T06:33:41","slug":"falda-bullpadel-elido-azabache","status":"publish","type":"product","link":"https:\/\/www.deporteseli.com\/?product=falda-bullpadel-elido-azabache","title":{"rendered":"FALDA BULLPADEL ELIDO AZABACHE"},"content":{"rendered":"<p>Estilo y movimiento se dan la mano en esta falda dise\u00f1ada para brillar dentro y fuera de la pista. Una prenda pensada para elevar tu rendimiento en la pista sin renunciar al estilo.    Dise\u00f1ada para acompa\u00f1arte en cada movimiento con la m\u00e1xima comodidad, su construcci\u00f3n t\u00e9cnica y detalles funcionales marcan la diferencia partido tras partido. Falda con vuelo y cinturilla con goma interior y cord\u00f3n para ajustar de nuestra l\u00ednea Padel is my Power en tejido de poli\u00e9ster con elast\u00e1n y tecnolog\u00eda drynamic que ayuda a un secado r\u00e1pido y la confortabilidad. Tiene un estampado tono sobre tono, malla interior, y logos de goma en delantero y espalda.                                                                                                                                                                                                                                                                                                                                                                                                                                                                                                                                                                                                                                                                                                                                                                                                                                                                                                                                                                                                                                        <\/p>\n","protected":false},"excerpt":{"rendered":"<p>FALDA BULLPADEL ELIDO AZABACHE<\/p>\n","protected":false},"featured_media":59822,"template":"","meta":[],"product_brand":[],"product_cat":[366],"product_tag":[21],"class_list":{"0":"post-47449","1":"product","2":"type-product","3":"status-publish","4":"has-post-thumbnail","6":"product_cat-padel_y_tenis_textil_faldas","7":"product_tag-bull_padel","8":"pa_color-unico","9":"pa_talla-l","10":"pa_talla-m","11":"pa_talla-s","12":"pa_talla-xl","13":"thunk-woo-product-list","14":"opn-qv-enable","15":"open-woo-hover-","16":"open-single-product-tab-horizontal","17":"open-shadow-","18":"open-shadow-hover-","20":"first","21":"instock","22":"shipping-taxable","23":"purchasable","24":"product-type-variable"},"jetpack_sharing_enabled":true,"_links":{"self":[{"href":"https:\/\/www.deporteseli.com\/index.php?rest_route=\/wp\/v2\/product\/47449","targetHints":{"allow":["GET"]}}],"collection":[{"href":"https:\/\/www.deporteseli.com\/index.php?rest_route=\/wp\/v2\/product"}],"about":[{"href":"https:\/\/www.deporteseli.com\/index.php?rest_route=\/wp\/v2\/types\/product"}],"wp:featuredmedia":[{"embeddable":true,"href":"https:\/\/www.deporteseli.com\/index.php?rest_route=\/wp\/v2\/media\/59822"}],"wp:attachment":[{"href":"https:\/\/www.deporteseli.com\/index.php?rest_route=%2Fwp%2Fv2%2Fmedia&parent=47449"}],"wp:term":[{"taxonomy":"product_brand","embeddable":true,"href":"https:\/\/www.deporteseli.com\/index.php?rest_route=%2Fwp%2Fv2%2Fproduct_brand&post=47449"},{"taxonomy":"product_cat","embeddable":true,"href":"https:\/\/www.deporteseli.com\/index.php?rest_route=%2Fwp%2Fv2%2Fproduct_cat&post=47449"},{"taxonomy":"product_tag","embeddable":true,"href":"https:\/\/www.deporteseli.com\/index.php?rest_route=%2Fwp%2Fv2%2Fproduct_tag&post=47449"}],"curies":[{"name":"wp","href":"https:\/\/api.w.org\/{rel}","templated":true}]}}