{"id":47425,"date":"2026-01-27T21:38:51","date_gmt":"2026-01-27T21:38:51","guid":{"rendered":"https:\/\/www.deporteseli.com\/?product=pala-head-223125-extreme-pro-25"},"modified":"2026-04-10T04:17:59","modified_gmt":"2026-04-10T04:17:59","slug":"pala-head-223125-extreme-pro-25","status":"publish","type":"product","link":"https:\/\/www.deporteseli.com\/?product=pala-head-223125-extreme-pro-25","title":{"rendered":"PALA HEAD 223125 EXTREME PRO 25"},"content":{"rendered":"<p>Head Extreme Pro 2025, estabilidad y potencia   La Head Extreme Pro 2025 es el modelo m\u00e1s potente y exigente de la l\u00ednea Extreme. Dise\u00f1ada con forma de diamante, un peso alto de 370 gramos y balance elevado, ofrece una fuerza explosiva en cada golpe.    Su dise\u00f1o favorece los remates, voleas y v\u00edboras, aportando mayor inercia y palanca en los golpes a\u00e9reos. La superficie de fibra de carbono unidireccional (UD Carbon HS) incrementa la rigidez y maximiza la velocidad de la bola, mientras que el nuevo patr\u00f3n de perforaci\u00f3n ampl\u00eda el punto dulce y eleva la precisi\u00f3n. Una pala creada para atacar sin concesiones.    Pala Extreme Pro, para jugadores expertos  Esta pala de diamante Head es id\u00f3nea para jugadores avanzados y profesionales que buscan dominar cada punto con agresividad. Su peso y balance la hacen perfecta para quienes tienen fuerza f\u00edsica y buena t\u00e9cnica, ya que requiere mayor control en la ejecuci\u00f3n.     Es un modelo que se centra en el juego ofensivo, ofreciendo un extra de potencia en los smashes, salidas por tres y voleas agresivas. Si eres un jugador que disfruta cerrando puntos con autoridad, este modelo est\u00e1 hecho para ti.    Tecnolog\u00edas y caracter\u00edsticas principales  Auxetic 2.0: respuesta m\u00e1s reactiva e impacto sensacional en cada golpe  UD Carbon HS: superficie r\u00edgida de carbono unidireccional que a\u00f1ade potencia explosiva  Extreme Spin: acabado rugoso 3D para mayor agarre y efectos  Power Foam: espuma reactiva que potencia la salida de bola  Optimized Sweet Spot: patr\u00f3n de agujeros que ampl\u00eda la zona de impacto  Soft Cap  : tap\u00f3n blando con cord\u00f3n intercambiable para confort y personalizaci\u00f3n  Smart Bridge y Tailored Frame: refuerzo estructural que mejora estabilidad y control  Anti Shock Skin: protecci\u00f3n contra golpes y ara\u00f1azos                                                                                                                                                                                                                                                                                                                                                                                                                                                                                                                                                                                                                                                                                                                                                                                                                                                                                                                                                                                                                                        <\/p>\n","protected":false},"excerpt":{"rendered":"<p>PALA HEAD 223125 EXTREME PRO 25<\/p>\n","protected":false},"featured_media":59798,"template":"","meta":[],"product_brand":[],"product_cat":[353],"product_tag":[22],"class_list":{"0":"post-47425","1":"product","2":"type-product","3":"status-publish","4":"has-post-thumbnail","6":"product_cat-padel_y_tenis_palas","7":"product_tag-head","8":"pa_color-unico","9":"pa_talla-unica","10":"thunk-woo-product-list","11":"opn-qv-enable","12":"open-woo-hover-","13":"open-single-product-tab-horizontal","14":"open-shadow-","15":"open-shadow-hover-","17":"first","18":"instock","19":"sale","20":"shipping-taxable","21":"purchasable","22":"product-type-variable"},"jetpack_sharing_enabled":true,"_links":{"self":[{"href":"https:\/\/www.deporteseli.com\/index.php?rest_route=\/wp\/v2\/product\/47425","targetHints":{"allow":["GET"]}}],"collection":[{"href":"https:\/\/www.deporteseli.com\/index.php?rest_route=\/wp\/v2\/product"}],"about":[{"href":"https:\/\/www.deporteseli.com\/index.php?rest_route=\/wp\/v2\/types\/product"}],"wp:featuredmedia":[{"embeddable":true,"href":"https:\/\/www.deporteseli.com\/index.php?rest_route=\/wp\/v2\/media\/59798"}],"wp:attachment":[{"href":"https:\/\/www.deporteseli.com\/index.php?rest_route=%2Fwp%2Fv2%2Fmedia&parent=47425"}],"wp:term":[{"taxonomy":"product_brand","embeddable":true,"href":"https:\/\/www.deporteseli.com\/index.php?rest_route=%2Fwp%2Fv2%2Fproduct_brand&post=47425"},{"taxonomy":"product_cat","embeddable":true,"href":"https:\/\/www.deporteseli.com\/index.php?rest_route=%2Fwp%2Fv2%2Fproduct_cat&post=47425"},{"taxonomy":"product_tag","embeddable":true,"href":"https:\/\/www.deporteseli.com\/index.php?rest_route=%2Fwp%2Fv2%2Fproduct_tag&post=47425"}],"curies":[{"name":"wp","href":"https:\/\/api.w.org\/{rel}","templated":true}]}}