{"id":47423,"date":"2026-01-27T21:38:47","date_gmt":"2026-01-27T21:38:47","guid":{"rendered":"https:\/\/www.deporteseli.com\/?product=pala-joma-st-blast-juanlu-esbri-plata-negro"},"modified":"2026-01-27T21:38:50","modified_gmt":"2026-01-27T21:38:50","slug":"pala-joma-st-blast-juanlu-esbri-plata-negro","status":"publish","type":"product","link":"https:\/\/www.deporteseli.com\/?product=pala-joma-st-blast-juanlu-esbri-plata-negro","title":{"rendered":"PALA JOMA ST-BLAST JUANLU ESBRI PLATA NEGRO"},"content":{"rendered":"<p>Nuevo modelo de pala de p\u00e1del desarrollado para jugadores profesionales (nivel medio y avanzado) que buscan potencia y precisi\u00f3n. Presenta forma h\u00edbrida y destaca por su tacto muy c\u00f3modo y su buena salida de bola. Adem\u00e1s, su punto dulce amplio y el balance medio alto ayuda en los golpeos a\u00e9reos y ofensivos. Potencia y eficacia testada y avalada por el laboratorio Atria.    Se trata de una pala ligera y muy manejable en los movimientos r\u00e1pidos.    La cara est\u00e1 elaborada con fibra de carbono FLEXSHIELD 12k, que asegura la resistencia y el ato rendimiento. Esta parte incorpora la tecnolog\u00eda ROTATION, un acabado en relieve 3D que facilita la potencia en el golpeo.    Tambi\u00e9n lleva el sistema VIBRA-OUT para reducir las vibraciones y conseguir mayor comodidad en el juego.    N\u00facleo FLEXO Black EVA, que proporciona una excelente respuesta en la salida de la bola. Igualmente, el patr\u00f3n de agujeros se ha dise\u00f1ado cuidadosamente elevar la resistencia en el n\u00facleo.    El marco EXO COUNTER ofrece estabilidad y durabilidad, convirti\u00e9ndola en una herramienta confiable para un juego exigente.    Y su balance medio provoca que los golpes sean m\u00e1s explosivos, sobre todo en los remates.                                                                                                                                                                                                                                                                                                                                                                                                                                                                                                                                                                                                                                                                                                                                                                                                                                                                                                                                                                                                                                        <\/p>\n","protected":false},"excerpt":{"rendered":"<p>PALA JOMA ST-BLAST JUANLU ESBRI PLATA NEGRO<\/p>\n","protected":false},"featured_media":59793,"template":"","meta":[],"product_brand":[],"product_cat":[353],"product_tag":[31],"class_list":{"0":"post-47423","1":"product","2":"type-product","3":"status-publish","4":"has-post-thumbnail","6":"product_cat-padel_y_tenis_palas","7":"product_tag-joma","8":"pa_color-unico","9":"pa_talla-unica","10":"thunk-woo-product-list","11":"opn-qv-enable","12":"open-woo-hover-","13":"open-single-product-tab-horizontal","14":"open-shadow-","15":"open-shadow-hover-","17":"first","18":"instock","19":"sale","20":"shipping-taxable","21":"purchasable","22":"product-type-variable"},"jetpack_sharing_enabled":true,"_links":{"self":[{"href":"https:\/\/www.deporteseli.com\/index.php?rest_route=\/wp\/v2\/product\/47423","targetHints":{"allow":["GET"]}}],"collection":[{"href":"https:\/\/www.deporteseli.com\/index.php?rest_route=\/wp\/v2\/product"}],"about":[{"href":"https:\/\/www.deporteseli.com\/index.php?rest_route=\/wp\/v2\/types\/product"}],"wp:featuredmedia":[{"embeddable":true,"href":"https:\/\/www.deporteseli.com\/index.php?rest_route=\/wp\/v2\/media\/59793"}],"wp:attachment":[{"href":"https:\/\/www.deporteseli.com\/index.php?rest_route=%2Fwp%2Fv2%2Fmedia&parent=47423"}],"wp:term":[{"taxonomy":"product_brand","embeddable":true,"href":"https:\/\/www.deporteseli.com\/index.php?rest_route=%2Fwp%2Fv2%2Fproduct_brand&post=47423"},{"taxonomy":"product_cat","embeddable":true,"href":"https:\/\/www.deporteseli.com\/index.php?rest_route=%2Fwp%2Fv2%2Fproduct_cat&post=47423"},{"taxonomy":"product_tag","embeddable":true,"href":"https:\/\/www.deporteseli.com\/index.php?rest_route=%2Fwp%2Fv2%2Fproduct_tag&post=47423"}],"curies":[{"name":"wp","href":"https:\/\/api.w.org\/{rel}","templated":true}]}}