{"id":47411,"date":"2026-01-27T21:38:29","date_gmt":"2026-01-27T21:38:29","guid":{"rendered":"https:\/\/www.deporteseli.com\/?product=camisa-asics-2041a349"},"modified":"2026-03-07T06:33:06","modified_gmt":"2026-03-07T06:33:06","slug":"camisa-asics-2041a349","status":"publish","type":"product","link":"https:\/\/www.deporteseli.com\/?product=camisa-asics-2041a349","title":{"rendered":"CAMISA ASICS 2041A349"},"content":{"rendered":"<p>Con la camiseta de p\u00e1del para hombre ASICS Court Logo cada movimiento es libre y natural. Fabricada con tejido ligero y el\u00e1stico, ofrece la combinaci\u00f3n perfecta de comodidad y transpirabilidad, para mantenerte fresco y \u00e1gil incluso en los partidos m\u00e1s intensos. Tambi\u00e9n apta para tenis.    Detalles:  Cuello redondo con perfil interno  Inserciones de malla ubicadas estrat\u00e9gicamente  Dobladillo posterior m\u00e1s bajo para mayor cobertura  Logo ASICS de silicona  Ajuste regular  Tejido: 100% poli\u00e9ster reciclado  Asics Dry  Remueve el sudor de tu piel y se seca r\u00e0pidamente para asegurar que tu tengas una sensaci\u00f2n de confort durante todo el uso    Recycled  Materiales reciclados utilizados para esta prenda.                                                                                                                                                                                                                                                                                                                                                                                                                                                                                                                                                                                                                                                                                                                                                                                                                                                                                                                                                                                                                                        <\/p>\n","protected":false},"excerpt":{"rendered":"<p>CAMISA ASICS 2041A349<\/p>\n","protected":false},"featured_media":59781,"template":"","meta":[],"product_brand":[],"product_cat":[364],"product_tag":[19],"class_list":{"0":"post-47411","1":"product","2":"type-product","3":"status-publish","4":"has-post-thumbnail","6":"product_cat-padel_y_tenis_textil_camisas","7":"product_tag-asics","8":"pa_color-unico","9":"pa_talla-m","10":"thunk-woo-product-list","11":"opn-qv-enable","12":"open-woo-hover-","13":"open-single-product-tab-horizontal","14":"open-shadow-","15":"open-shadow-hover-","17":"first","18":"instock","19":"shipping-taxable","20":"purchasable","21":"product-type-variable"},"jetpack_sharing_enabled":true,"_links":{"self":[{"href":"https:\/\/www.deporteseli.com\/index.php?rest_route=\/wp\/v2\/product\/47411","targetHints":{"allow":["GET"]}}],"collection":[{"href":"https:\/\/www.deporteseli.com\/index.php?rest_route=\/wp\/v2\/product"}],"about":[{"href":"https:\/\/www.deporteseli.com\/index.php?rest_route=\/wp\/v2\/types\/product"}],"wp:featuredmedia":[{"embeddable":true,"href":"https:\/\/www.deporteseli.com\/index.php?rest_route=\/wp\/v2\/media\/59781"}],"wp:attachment":[{"href":"https:\/\/www.deporteseli.com\/index.php?rest_route=%2Fwp%2Fv2%2Fmedia&parent=47411"}],"wp:term":[{"taxonomy":"product_brand","embeddable":true,"href":"https:\/\/www.deporteseli.com\/index.php?rest_route=%2Fwp%2Fv2%2Fproduct_brand&post=47411"},{"taxonomy":"product_cat","embeddable":true,"href":"https:\/\/www.deporteseli.com\/index.php?rest_route=%2Fwp%2Fv2%2Fproduct_cat&post=47411"},{"taxonomy":"product_tag","embeddable":true,"href":"https:\/\/www.deporteseli.com\/index.php?rest_route=%2Fwp%2Fv2%2Fproduct_tag&post=47411"}],"curies":[{"name":"wp","href":"https:\/\/api.w.org\/{rel}","templated":true}]}}