{"id":47407,"date":"2026-01-27T21:38:23","date_gmt":"2026-01-27T21:38:23","guid":{"rendered":"https:\/\/www.deporteseli.com\/?product=solution-swift-ff-2-clay"},"modified":"2026-04-02T04:18:46","modified_gmt":"2026-04-02T04:18:46","slug":"solution-swift-ff-2-clay","status":"publish","type":"product","link":"https:\/\/www.deporteseli.com\/?product=solution-swift-ff-2-clay","title":{"rendered":"SOLUTION SWIFT FF 2 CLAY"},"content":{"rendered":"<p>La zapatilla SOLUTION SWIFT FF 2 CLAY se ha dise\u00f1ado para jugadores que juegan sobre todo tipo de pistas y cubren la red y la l\u00ednea de fondo. Cuenta con un dise\u00f1o de suela flexible que es muy pr\u00e1ctico para los movimientos multidireccionales. ?    La mediasuela de esta zapatilla incluye amortiguaci\u00f3n FLYTEFOAM. Se trata de una espuma ligera y resistente que aumenta la amortiguaci\u00f3n. ?    La sujeci\u00f3n TRUSSTIC de resina del mediopi\u00e9 permite hacer cortes r\u00e1pidos y seguros en la pista. ?    La suela refleja el dise\u00f1o de la suela de la zapatilla SOLUTION SPEED FF. Formada por un patr\u00f3n de surcos verticales que mejora la tracci\u00f3n en la pista.                                                                                                                                                                                                                                                                                                                                                                                                                                                                                                                                                                                                                                                                                                                                                                                                                                                                                                                                                                                                                                        <\/p>\n","protected":false},"excerpt":{"rendered":"<p>SOLUTION SWIFT FF 2 CLAY<\/p>\n","protected":false},"featured_media":59776,"template":"","meta":[],"product_brand":[],"product_cat":[371],"product_tag":[19],"class_list":{"0":"post-47407","1":"product","2":"type-product","3":"status-publish","4":"has-post-thumbnail","6":"product_cat-padel_y_tenis_calzado","7":"product_tag-asics","8":"pa_color-unico","9":"pa_talla-153","10":"pa_talla-43-5","11":"pa_talla-161","12":"thunk-woo-product-list","13":"opn-qv-enable","14":"open-woo-hover-","15":"open-single-product-tab-horizontal","16":"open-shadow-","17":"open-shadow-hover-","19":"first","20":"instock","21":"sale","22":"shipping-taxable","23":"purchasable","24":"product-type-variable"},"jetpack_sharing_enabled":true,"_links":{"self":[{"href":"https:\/\/www.deporteseli.com\/index.php?rest_route=\/wp\/v2\/product\/47407","targetHints":{"allow":["GET"]}}],"collection":[{"href":"https:\/\/www.deporteseli.com\/index.php?rest_route=\/wp\/v2\/product"}],"about":[{"href":"https:\/\/www.deporteseli.com\/index.php?rest_route=\/wp\/v2\/types\/product"}],"wp:featuredmedia":[{"embeddable":true,"href":"https:\/\/www.deporteseli.com\/index.php?rest_route=\/wp\/v2\/media\/59776"}],"wp:attachment":[{"href":"https:\/\/www.deporteseli.com\/index.php?rest_route=%2Fwp%2Fv2%2Fmedia&parent=47407"}],"wp:term":[{"taxonomy":"product_brand","embeddable":true,"href":"https:\/\/www.deporteseli.com\/index.php?rest_route=%2Fwp%2Fv2%2Fproduct_brand&post=47407"},{"taxonomy":"product_cat","embeddable":true,"href":"https:\/\/www.deporteseli.com\/index.php?rest_route=%2Fwp%2Fv2%2Fproduct_cat&post=47407"},{"taxonomy":"product_tag","embeddable":true,"href":"https:\/\/www.deporteseli.com\/index.php?rest_route=%2Fwp%2Fv2%2Fproduct_tag&post=47407"}],"curies":[{"name":"wp","href":"https:\/\/api.w.org\/{rel}","templated":true}]}}