{"id":47397,"date":"2026-01-27T21:38:09","date_gmt":"2026-01-27T21:38:09","guid":{"rendered":"https:\/\/www.deporteseli.com\/?product=gel-venture-10-4"},"modified":"2026-04-19T04:17:37","modified_gmt":"2026-04-19T04:17:37","slug":"gel-venture-10-4","status":"publish","type":"product","link":"https:\/\/www.deporteseli.com\/?product=gel-venture-10-4","title":{"rendered":"GEL-VENTURE 10"},"content":{"rendered":"<p>La zapatilla GEL-VENTURE 10 est\u00e1 dise\u00f1ada para ayudar a proporcionar un buen confort. Su dise\u00f1o funcional y estrat\u00e9gico permite cambiar del entorno natural a las calles de la ciudad.?    La mediasuela cuenta con amortiguaci\u00f3n AMPLIFOAM y tecnolog\u00eda GEL en la parte posterior del pie que proporciona una sensaci\u00f3n m\u00e1s suave y c\u00f3moda bajo los pies.?    Adem\u00e1s, la suela incluye un dibujo en relieve de tracci\u00f3n avanzada muy pr\u00e1ctico para las superficies de carretera y caminos.                                                                                                                                                                                                                                                                                                                                                                                                                                                                                                                                                                                                                                                                                                                                                                                                                                                                                                                                                                                                                                        <\/p>\n","protected":false},"excerpt":{"rendered":"<p>GEL-VENTURE 10<\/p>\n","protected":false},"featured_media":59771,"template":"","meta":[],"product_brand":[],"product_cat":[286],"product_tag":[19],"class_list":{"0":"post-47397","1":"product","2":"type-product","3":"status-publish","4":"has-post-thumbnail","6":"product_cat-mujer_calzado_trail","7":"product_tag-asics","8":"pa_color-unico","9":"pa_talla-141","10":"pa_talla-143","11":"pa_talla-37-5","12":"pa_talla-145","13":"pa_talla-147","14":"pa_talla-39-5","15":"pa_talla-149","16":"pa_talla-40-5","17":"pa_talla-41-5","18":"thunk-woo-product-list","19":"opn-qv-enable","20":"open-woo-hover-","21":"open-single-product-tab-horizontal","22":"open-shadow-","23":"open-shadow-hover-","25":"first","26":"instock","27":"sale","28":"shipping-taxable","29":"purchasable","30":"product-type-variable"},"jetpack_sharing_enabled":true,"_links":{"self":[{"href":"https:\/\/www.deporteseli.com\/index.php?rest_route=\/wp\/v2\/product\/47397","targetHints":{"allow":["GET"]}}],"collection":[{"href":"https:\/\/www.deporteseli.com\/index.php?rest_route=\/wp\/v2\/product"}],"about":[{"href":"https:\/\/www.deporteseli.com\/index.php?rest_route=\/wp\/v2\/types\/product"}],"wp:featuredmedia":[{"embeddable":true,"href":"https:\/\/www.deporteseli.com\/index.php?rest_route=\/wp\/v2\/media\/59771"}],"wp:attachment":[{"href":"https:\/\/www.deporteseli.com\/index.php?rest_route=%2Fwp%2Fv2%2Fmedia&parent=47397"}],"wp:term":[{"taxonomy":"product_brand","embeddable":true,"href":"https:\/\/www.deporteseli.com\/index.php?rest_route=%2Fwp%2Fv2%2Fproduct_brand&post=47397"},{"taxonomy":"product_cat","embeddable":true,"href":"https:\/\/www.deporteseli.com\/index.php?rest_route=%2Fwp%2Fv2%2Fproduct_cat&post=47397"},{"taxonomy":"product_tag","embeddable":true,"href":"https:\/\/www.deporteseli.com\/index.php?rest_route=%2Fwp%2Fv2%2Fproduct_tag&post=47397"}],"curies":[{"name":"wp","href":"https:\/\/api.w.org\/{rel}","templated":true}]}}