{"id":47392,"date":"2026-01-27T21:38:03","date_gmt":"2026-01-27T21:38:03","guid":{"rendered":"https:\/\/www.deporteseli.com\/?product=short-asics-2042a375"},"modified":"2026-03-07T06:33:03","modified_gmt":"2026-03-07T06:33:03","slug":"short-asics-2042a375","status":"publish","type":"product","link":"https:\/\/www.deporteseli.com\/?product=short-asics-2042a375","title":{"rendered":"SHORT ASICS 2042A375"},"content":{"rendered":"<p>Ideal para quienes buscan una prenda de alto rendimiento, los shorts de tenis para mujer Asics Court 2 en 1 4\u00bb ofrecen practicidad y libertad de movimiento: el dise\u00f1o con pantal\u00f3n corto integrado y tecnolog\u00eda transpirable te permiten no limitar tus movimientos, garantizando una sensaci\u00f3n de frescura constante.    Detalles:  Cintura el\u00e1stica con cord\u00f3n interno ajustable  Inserciones de malla estrat\u00e9gicamente ubicadas  Pantalones cortos integrados  Pantalones cortos internos dentro de la longitud de la pierna: 12 cm  Longitud interior de la pierna de los pantalones cortos externos: 10 cm  Ventilaciones laterales  Logo Asics en silicona  Ajuste regular  Tejido: 100% poli\u00e9ster reciclado  Asics Dry  Remueve el sudor de tu piel y se seca r\u00e0pidamente para asegurar que tu tengas una sensaci\u00f2n de confort durante todo el uso    Recycled  Materiales reciclados utilizados para esta prenda.                                                                                                                                                                                                                                                                                                                                                                                                                                                                                                                                                                                                                                                                                                                                                                                                                                                                                                                                                                                                                                        <\/p>\n","protected":false},"excerpt":{"rendered":"<p>SHORT ASICS 2042A375<\/p>\n","protected":false},"featured_media":59767,"template":"","meta":[],"product_brand":[],"product_cat":[365],"product_tag":[19],"class_list":{"0":"post-47392","1":"product","2":"type-product","3":"status-publish","4":"has-post-thumbnail","6":"product_cat-padel_y_tenis_textil_shorts","7":"product_tag-asics","8":"pa_color-unico","9":"pa_talla-l","10":"pa_talla-m","11":"pa_talla-s","12":"pa_talla-xs","13":"thunk-woo-product-list","14":"opn-qv-enable","15":"open-woo-hover-","16":"open-single-product-tab-horizontal","17":"open-shadow-","18":"open-shadow-hover-","20":"first","21":"instock","22":"shipping-taxable","23":"purchasable","24":"product-type-variable"},"jetpack_sharing_enabled":true,"_links":{"self":[{"href":"https:\/\/www.deporteseli.com\/index.php?rest_route=\/wp\/v2\/product\/47392","targetHints":{"allow":["GET"]}}],"collection":[{"href":"https:\/\/www.deporteseli.com\/index.php?rest_route=\/wp\/v2\/product"}],"about":[{"href":"https:\/\/www.deporteseli.com\/index.php?rest_route=\/wp\/v2\/types\/product"}],"wp:featuredmedia":[{"embeddable":true,"href":"https:\/\/www.deporteseli.com\/index.php?rest_route=\/wp\/v2\/media\/59767"}],"wp:attachment":[{"href":"https:\/\/www.deporteseli.com\/index.php?rest_route=%2Fwp%2Fv2%2Fmedia&parent=47392"}],"wp:term":[{"taxonomy":"product_brand","embeddable":true,"href":"https:\/\/www.deporteseli.com\/index.php?rest_route=%2Fwp%2Fv2%2Fproduct_brand&post=47392"},{"taxonomy":"product_cat","embeddable":true,"href":"https:\/\/www.deporteseli.com\/index.php?rest_route=%2Fwp%2Fv2%2Fproduct_cat&post=47392"},{"taxonomy":"product_tag","embeddable":true,"href":"https:\/\/www.deporteseli.com\/index.php?rest_route=%2Fwp%2Fv2%2Fproduct_tag&post=47392"}],"curies":[{"name":"wp","href":"https:\/\/api.w.org\/{rel}","templated":true}]}}