{"id":47385,"date":"2026-01-27T21:37:54","date_gmt":"2026-01-27T21:37:54","guid":{"rendered":"https:\/\/www.deporteseli.com\/?product=gel-venture-10-3"},"modified":"2026-03-08T05:18:03","modified_gmt":"2026-03-08T05:18:03","slug":"gel-venture-10-3","status":"publish","type":"product","link":"https:\/\/www.deporteseli.com\/?product=gel-venture-10-3","title":{"rendered":"GEL-VENTURE 10"},"content":{"rendered":"<p>La zapatilla GEL-VENTURE 10 est\u00e1 dise\u00f1ada para ayudar a proporcionar un mejor buen confort. Su dise\u00f1o funcional y estrat\u00e9gico permite cambiar del entorno natural a las calles de la ciudad.?    La mediasuela cuenta con amortiguaci\u00f3n AMPLIFOAM y tecnolog\u00eda GEL en la parte posterior del pie que proporciona una sensaci\u00f3n m\u00e1s suave y c\u00f3moda bajo los pies.?    Adem\u00e1s, la suela incluye un dibujo en relieve de tracci\u00f3n avanzada muy pr\u00e1ctico para las superficies de carretera y caminos.                                                                                                                                                                                                                                                                                                                                                                                                                                                                                                                                                                                                                                                                                                                                                                                                                                                                                                                                                                                                                                        <\/p>\n","protected":false},"excerpt":{"rendered":"<p>GEL-VENTURE 10<\/p>\n","protected":false},"featured_media":59757,"template":"","meta":[],"product_brand":[],"product_cat":[260],"product_tag":[19],"class_list":{"0":"post-47385","1":"product","2":"type-product","3":"status-publish","4":"has-post-thumbnail","6":"product_cat-hombre_calzado_trail","7":"product_tag-asics","8":"pa_color-unico","9":"pa_talla-41-5","10":"pa_talla-43-5","11":"pa_talla-44-5","12":"pa_talla-159","13":"thunk-woo-product-list","14":"opn-qv-enable","15":"open-woo-hover-","16":"open-single-product-tab-horizontal","17":"open-shadow-","18":"open-shadow-hover-","20":"first","21":"instock","22":"sale","23":"shipping-taxable","24":"purchasable","25":"product-type-variable"},"jetpack_sharing_enabled":true,"_links":{"self":[{"href":"https:\/\/www.deporteseli.com\/index.php?rest_route=\/wp\/v2\/product\/47385","targetHints":{"allow":["GET"]}}],"collection":[{"href":"https:\/\/www.deporteseli.com\/index.php?rest_route=\/wp\/v2\/product"}],"about":[{"href":"https:\/\/www.deporteseli.com\/index.php?rest_route=\/wp\/v2\/types\/product"}],"wp:featuredmedia":[{"embeddable":true,"href":"https:\/\/www.deporteseli.com\/index.php?rest_route=\/wp\/v2\/media\/59757"}],"wp:attachment":[{"href":"https:\/\/www.deporteseli.com\/index.php?rest_route=%2Fwp%2Fv2%2Fmedia&parent=47385"}],"wp:term":[{"taxonomy":"product_brand","embeddable":true,"href":"https:\/\/www.deporteseli.com\/index.php?rest_route=%2Fwp%2Fv2%2Fproduct_brand&post=47385"},{"taxonomy":"product_cat","embeddable":true,"href":"https:\/\/www.deporteseli.com\/index.php?rest_route=%2Fwp%2Fv2%2Fproduct_cat&post=47385"},{"taxonomy":"product_tag","embeddable":true,"href":"https:\/\/www.deporteseli.com\/index.php?rest_route=%2Fwp%2Fv2%2Fproduct_tag&post=47385"}],"curies":[{"name":"wp","href":"https:\/\/api.w.org\/{rel}","templated":true}]}}