{"id":47369,"date":"2026-01-27T21:37:32","date_gmt":"2026-01-27T21:37:32","guid":{"rendered":"https:\/\/www.deporteseli.com\/?product=cortaviento-8000-tine"},"modified":"2026-03-07T06:32:48","modified_gmt":"2026-03-07T06:32:48","slug":"cortaviento-8000-tine","status":"publish","type":"product","link":"https:\/\/www.deporteseli.com\/?product=cortaviento-8000-tine","title":{"rendered":"CORTAVIENTO  8000 TINE"},"content":{"rendered":"<p>Tejido t\u00e9cnico Ripstop 100% poli\u00e9ster: resistente, ultraligero y con acabado Quickerdry que favorece la evacuaci\u00f3n de la humedad.  Ventilaci\u00f3n estrat\u00e9gica: paneles de rejilla en zonas clave que mejoran la transpirabilidad y mantienen el frescor en ejercicios de alta intensidad.  Dise\u00f1o funcional: bolsillos laterales con cremallera, bajo ajustable con tankas y patr\u00f3n ergon\u00f3mico que acompa\u00f1a cada movimiento.                                                                                                                                                                                                                                                                                                                                                                                                                                                                                                                                                                                                                                                                                                                                                                                                                                                                                                                                                                                                                                        <\/p>\n","protected":false},"excerpt":{"rendered":"<p>CORTAVIENTO  8000 TINE<\/p>\n","protected":false},"featured_media":59744,"template":"","meta":[],"product_brand":[],"product_cat":[257],"product_tag":[53],"class_list":{"0":"post-47369","1":"product","2":"type-product","3":"status-publish","4":"has-post-thumbnail","6":"product_cat-hombre_textil_cortavientos","7":"product_tag-_8000","8":"pa_color-unico","9":"pa_talla-m","10":"pa_talla-s","11":"thunk-woo-product-list","12":"opn-qv-enable","13":"open-woo-hover-","14":"open-single-product-tab-horizontal","15":"open-shadow-","16":"open-shadow-hover-","18":"first","19":"instock","20":"shipping-taxable","21":"purchasable","22":"product-type-variable"},"jetpack_sharing_enabled":true,"_links":{"self":[{"href":"https:\/\/www.deporteseli.com\/index.php?rest_route=\/wp\/v2\/product\/47369","targetHints":{"allow":["GET"]}}],"collection":[{"href":"https:\/\/www.deporteseli.com\/index.php?rest_route=\/wp\/v2\/product"}],"about":[{"href":"https:\/\/www.deporteseli.com\/index.php?rest_route=\/wp\/v2\/types\/product"}],"wp:featuredmedia":[{"embeddable":true,"href":"https:\/\/www.deporteseli.com\/index.php?rest_route=\/wp\/v2\/media\/59744"}],"wp:attachment":[{"href":"https:\/\/www.deporteseli.com\/index.php?rest_route=%2Fwp%2Fv2%2Fmedia&parent=47369"}],"wp:term":[{"taxonomy":"product_brand","embeddable":true,"href":"https:\/\/www.deporteseli.com\/index.php?rest_route=%2Fwp%2Fv2%2Fproduct_brand&post=47369"},{"taxonomy":"product_cat","embeddable":true,"href":"https:\/\/www.deporteseli.com\/index.php?rest_route=%2Fwp%2Fv2%2Fproduct_cat&post=47369"},{"taxonomy":"product_tag","embeddable":true,"href":"https:\/\/www.deporteseli.com\/index.php?rest_route=%2Fwp%2Fv2%2Fproduct_tag&post=47369"}],"curies":[{"name":"wp","href":"https:\/\/api.w.org\/{rel}","templated":true}]}}