{"id":47362,"date":"2026-01-27T21:37:21","date_gmt":"2026-01-27T21:37:21","guid":{"rendered":"https:\/\/www.deporteseli.com\/?product=chandal-puma-687361"},"modified":"2026-03-07T06:32:40","modified_gmt":"2026-03-07T06:32:40","slug":"chandal-puma-687361","status":"publish","type":"product","link":"https:\/\/www.deporteseli.com\/?product=chandal-puma-687361","title":{"rendered":"CHANDAL PUMA 687361"},"content":{"rendered":"<p>El ch\u00e1ndal Puma Poly Colorblock Suit ni\u00f1o es la fusi\u00f3n perfecta de estilo y sostenibilidad. Su dise\u00f1o moderno, tejido ligero y propiedades de protecci\u00f3n solar garantizan comodidad y libertad de movimiento en cada aventura.                                                                                                                                                                                                                                                                                                                                                                                                                                                                                                                                                                                                                                                                                                                                                                                                                                                                                                                                                                                                                                        <\/p>\n","protected":false},"excerpt":{"rendered":"<p>CHANDAL PUMA 687361<\/p>\n","protected":false},"featured_media":59738,"template":"","meta":[],"product_brand":[],"product_cat":[298],"product_tag":[32],"class_list":{"0":"post-47362","1":"product","2":"type-product","3":"status-publish","4":"has-post-thumbnail","6":"product_cat-nino_textil_chandals","7":"product_tag-puma","8":"pa_color-unico","9":"pa_talla-t-16","10":"thunk-woo-product-list","11":"opn-qv-enable","12":"open-woo-hover-","13":"open-single-product-tab-horizontal","14":"open-shadow-","15":"open-shadow-hover-","17":"first","18":"instock","19":"shipping-taxable","20":"purchasable","21":"product-type-variable"},"jetpack_sharing_enabled":true,"_links":{"self":[{"href":"https:\/\/www.deporteseli.com\/index.php?rest_route=\/wp\/v2\/product\/47362","targetHints":{"allow":["GET"]}}],"collection":[{"href":"https:\/\/www.deporteseli.com\/index.php?rest_route=\/wp\/v2\/product"}],"about":[{"href":"https:\/\/www.deporteseli.com\/index.php?rest_route=\/wp\/v2\/types\/product"}],"wp:featuredmedia":[{"embeddable":true,"href":"https:\/\/www.deporteseli.com\/index.php?rest_route=\/wp\/v2\/media\/59738"}],"wp:attachment":[{"href":"https:\/\/www.deporteseli.com\/index.php?rest_route=%2Fwp%2Fv2%2Fmedia&parent=47362"}],"wp:term":[{"taxonomy":"product_brand","embeddable":true,"href":"https:\/\/www.deporteseli.com\/index.php?rest_route=%2Fwp%2Fv2%2Fproduct_brand&post=47362"},{"taxonomy":"product_cat","embeddable":true,"href":"https:\/\/www.deporteseli.com\/index.php?rest_route=%2Fwp%2Fv2%2Fproduct_cat&post=47362"},{"taxonomy":"product_tag","embeddable":true,"href":"https:\/\/www.deporteseli.com\/index.php?rest_route=%2Fwp%2Fv2%2Fproduct_tag&post=47362"}],"curies":[{"name":"wp","href":"https:\/\/api.w.org\/{rel}","templated":true}]}}