{"id":47357,"date":"2026-01-27T21:37:14","date_gmt":"2026-01-27T21:37:14","guid":{"rendered":"https:\/\/www.deporteseli.com\/?product=camisa-puma-684907"},"modified":"2026-03-07T06:32:36","modified_gmt":"2026-03-07T06:32:36","slug":"camisa-puma-684907","status":"publish","type":"product","link":"https:\/\/www.deporteseli.com\/?product=camisa-puma-684907","title":{"rendered":"CAMISA PUMA 684907"},"content":{"rendered":"<p>Descripci\u00f3n  La camiseta Puma Essentials Cat Logo B Ruby Shimmer Infantil es la prenda ideal para los m\u00e1s peque\u00f1os. Este modelo de longitud corta tiene un ajuste regular que asegura comodidad durante todo el d\u00eda.  Fabricada en suave algod\u00f3n, proporciona una sensaci\u00f3n agradable al contacto con la piel. Su dise\u00f1o incluye el ic\u00f3nico logo del gato de Puma en el pecho, aportando un toque de estilo.  El cuello redondo de esta camiseta hace que sea f\u00e1cil de poner y quitar. Sin duda, es una elecci\u00f3n perfecta para el uso diario o para actividades deportivas.  Con su atractivo color Ruby Shimmer, ser\u00e1 una prenda llamativa en el armario de cualquier ni\u00f1o. Adem\u00e1s, es una opci\u00f3n vers\u00e1til que combina bien con diferentes estilos y outfits.  Descubre la esencia de Puma en la moda infantil con esta camiseta \u00fanica que combina confort, calidad y estilo.    Caracter\u00edsticas  Longitud: Corta (ajuste regular).  Material: Algod\u00f3n.  Caracter\u00edsticas adicionales: Logo del gato de Puma en el pecho.  Comodidad: Cuello redondo.                                                                                                                                                                                                                                                                                                                                                                                                                                                                                                                                                                                                                                                                                                                                                                                                                                                                                                                                                                                                                                        <\/p>\n","protected":false},"excerpt":{"rendered":"<p>CAMISA PUMA 684907<\/p>\n","protected":false},"featured_media":59736,"template":"","meta":[],"product_brand":[],"product_cat":[296],"product_tag":[32],"class_list":{"0":"post-47357","1":"product","2":"type-product","3":"status-publish","4":"has-post-thumbnail","6":"product_cat-nino_textil_camisetas","7":"product_tag-puma","8":"pa_color-unico","9":"pa_talla-t-12","10":"pa_talla-t-8","11":"thunk-woo-product-list","12":"opn-qv-enable","13":"open-woo-hover-","14":"open-single-product-tab-horizontal","15":"open-shadow-","16":"open-shadow-hover-","18":"first","19":"instock","20":"shipping-taxable","21":"purchasable","22":"product-type-variable"},"jetpack_sharing_enabled":true,"_links":{"self":[{"href":"https:\/\/www.deporteseli.com\/index.php?rest_route=\/wp\/v2\/product\/47357","targetHints":{"allow":["GET"]}}],"collection":[{"href":"https:\/\/www.deporteseli.com\/index.php?rest_route=\/wp\/v2\/product"}],"about":[{"href":"https:\/\/www.deporteseli.com\/index.php?rest_route=\/wp\/v2\/types\/product"}],"wp:featuredmedia":[{"embeddable":true,"href":"https:\/\/www.deporteseli.com\/index.php?rest_route=\/wp\/v2\/media\/59736"}],"wp:attachment":[{"href":"https:\/\/www.deporteseli.com\/index.php?rest_route=%2Fwp%2Fv2%2Fmedia&parent=47357"}],"wp:term":[{"taxonomy":"product_brand","embeddable":true,"href":"https:\/\/www.deporteseli.com\/index.php?rest_route=%2Fwp%2Fv2%2Fproduct_brand&post=47357"},{"taxonomy":"product_cat","embeddable":true,"href":"https:\/\/www.deporteseli.com\/index.php?rest_route=%2Fwp%2Fv2%2Fproduct_cat&post=47357"},{"taxonomy":"product_tag","embeddable":true,"href":"https:\/\/www.deporteseli.com\/index.php?rest_route=%2Fwp%2Fv2%2Fproduct_tag&post=47357"}],"curies":[{"name":"wp","href":"https:\/\/api.w.org\/{rel}","templated":true}]}}