{"id":47349,"date":"2026-01-27T21:37:03","date_gmt":"2026-01-27T21:37:03","guid":{"rendered":"https:\/\/www.deporteseli.com\/?product=tenis-puma-400367"},"modified":"2026-04-01T04:18:13","modified_gmt":"2026-04-01T04:18:13","slug":"tenis-puma-400367","status":"publish","type":"product","link":"https:\/\/www.deporteseli.com\/?product=tenis-puma-400367","title":{"rendered":"TENIS PUMA 400367"},"content":{"rendered":"<p>Descripci\u00f3n  PRODUCTO:    Nombre: Tenis Puma Court Lally para Mujer 400367-03  Marca: Puma    DESCRIPCI\u00d3N:    Luce un estilo desenfadado con PUMA. La silueta elegante y el empeine de piel sint\u00e9tica hacen que estas zapatillas sean perfectas para cualquier ocasi\u00f3n. Disfruta de cada paso con la amortiguaci\u00f3n SOFTFOAM , que combina looks cl\u00e1sicos con una comodidad moderna. Vers\u00e1tiles, atemporales y listas para todo.                                                                                                                                                                                                                                                                                                                                                                                                                                                                                                                                                                                                                                                                                                                                                                                                                                                                                                                                                                                                                                        <\/p>\n","protected":false},"excerpt":{"rendered":"<p>TENIS PUMA 400367<\/p>\n","protected":false},"featured_media":59728,"template":"","meta":[],"product_brand":[],"product_cat":[287],"product_tag":[32],"class_list":{"0":"post-47349","1":"product","2":"type-product","3":"status-publish","4":"has-post-thumbnail","6":"product_cat-mujer_calzado_casual","7":"product_tag-puma","8":"pa_color-unico","9":"pa_talla-143","10":"pa_talla-145","11":"pa_talla-147","12":"pa_talla-149","13":"thunk-woo-product-list","14":"opn-qv-enable","15":"open-woo-hover-","16":"open-single-product-tab-horizontal","17":"open-shadow-","18":"open-shadow-hover-","20":"first","21":"instock","22":"sale","23":"shipping-taxable","24":"purchasable","25":"product-type-variable"},"jetpack_sharing_enabled":true,"_links":{"self":[{"href":"https:\/\/www.deporteseli.com\/index.php?rest_route=\/wp\/v2\/product\/47349","targetHints":{"allow":["GET"]}}],"collection":[{"href":"https:\/\/www.deporteseli.com\/index.php?rest_route=\/wp\/v2\/product"}],"about":[{"href":"https:\/\/www.deporteseli.com\/index.php?rest_route=\/wp\/v2\/types\/product"}],"wp:featuredmedia":[{"embeddable":true,"href":"https:\/\/www.deporteseli.com\/index.php?rest_route=\/wp\/v2\/media\/59728"}],"wp:attachment":[{"href":"https:\/\/www.deporteseli.com\/index.php?rest_route=%2Fwp%2Fv2%2Fmedia&parent=47349"}],"wp:term":[{"taxonomy":"product_brand","embeddable":true,"href":"https:\/\/www.deporteseli.com\/index.php?rest_route=%2Fwp%2Fv2%2Fproduct_brand&post=47349"},{"taxonomy":"product_cat","embeddable":true,"href":"https:\/\/www.deporteseli.com\/index.php?rest_route=%2Fwp%2Fv2%2Fproduct_cat&post=47349"},{"taxonomy":"product_tag","embeddable":true,"href":"https:\/\/www.deporteseli.com\/index.php?rest_route=%2Fwp%2Fv2%2Fproduct_tag&post=47349"}],"curies":[{"name":"wp","href":"https:\/\/api.w.org\/{rel}","templated":true}]}}