{"id":47344,"date":"2026-01-27T21:36:56","date_gmt":"2026-01-27T21:36:56","guid":{"rendered":"https:\/\/www.deporteseli.com\/?product=tenis-puma-397419"},"modified":"2026-04-12T04:17:40","modified_gmt":"2026-04-12T04:17:40","slug":"tenis-puma-397419","status":"publish","type":"product","link":"https:\/\/www.deporteseli.com\/?product=tenis-puma-397419","title":{"rendered":"TENIS PUMA 397419"},"content":{"rendered":"<p>HISTORIA DEL PRODUCTO  Los ni\u00f1os y las ni\u00f1as disfrutar\u00e1n al m\u00e1ximo del patio de juegos con las PUMA Rebound V6, de inspiraci\u00f3n deportiva. Su capellada sint\u00e9tica y suela duradera resisten las aventuras de los peque\u00f1os deportistas, mientras que el cuello medio les proporciona sujeci\u00f3n esencial en todos sus movimientos.    CARACTER\u00cdSTICAS Y BENEFICIOS  Cubierta fabricada con al menos un 20% de materiales reciclados  base fabricada con al menos un 10% de materiales reciclados  DETALLES  Cubierta sint\u00e9tica  Entresuela y suela de goma  Con cuello medio, para sujeci\u00f3n y protecci\u00f3n del tobillo  Cordones el\u00e1sticos y cierre de abrojo  Logo PUMA en leng\u00fceta  PUMA Ni\u00f1os: Producto recomendado para ni\u00f1os de 4 a 8 a\u00f1os  Formstrip PUMA en ambos laterales  Hecho en China                                                                                                                                                                                                                                                                                                                                                                                                                                                                                                                                                                                                                                                                                                                                                                                                                                                                                                                                                                                                                                        <\/p>\n","protected":false},"excerpt":{"rendered":"<p>TENIS PUMA 397419<\/p>\n","protected":false},"featured_media":59724,"template":"","meta":[],"product_brand":[],"product_cat":[310],"product_tag":[32],"class_list":{"0":"post-47344","1":"product","2":"type-product","3":"status-publish","4":"has-post-thumbnail","6":"product_cat-nino_calzado_casual","7":"product_tag-puma","8":"pa_color-unico","9":"pa_talla-127","10":"pa_talla-131","11":"pa_talla-133","12":"pa_talla-139","13":"thunk-woo-product-list","14":"opn-qv-enable","15":"open-woo-hover-","16":"open-single-product-tab-horizontal","17":"open-shadow-","18":"open-shadow-hover-","20":"first","21":"instock","22":"sale","23":"shipping-taxable","24":"purchasable","25":"product-type-variable"},"jetpack_sharing_enabled":true,"_links":{"self":[{"href":"https:\/\/www.deporteseli.com\/index.php?rest_route=\/wp\/v2\/product\/47344","targetHints":{"allow":["GET"]}}],"collection":[{"href":"https:\/\/www.deporteseli.com\/index.php?rest_route=\/wp\/v2\/product"}],"about":[{"href":"https:\/\/www.deporteseli.com\/index.php?rest_route=\/wp\/v2\/types\/product"}],"wp:featuredmedia":[{"embeddable":true,"href":"https:\/\/www.deporteseli.com\/index.php?rest_route=\/wp\/v2\/media\/59724"}],"wp:attachment":[{"href":"https:\/\/www.deporteseli.com\/index.php?rest_route=%2Fwp%2Fv2%2Fmedia&parent=47344"}],"wp:term":[{"taxonomy":"product_brand","embeddable":true,"href":"https:\/\/www.deporteseli.com\/index.php?rest_route=%2Fwp%2Fv2%2Fproduct_brand&post=47344"},{"taxonomy":"product_cat","embeddable":true,"href":"https:\/\/www.deporteseli.com\/index.php?rest_route=%2Fwp%2Fv2%2Fproduct_cat&post=47344"},{"taxonomy":"product_tag","embeddable":true,"href":"https:\/\/www.deporteseli.com\/index.php?rest_route=%2Fwp%2Fv2%2Fproduct_tag&post=47344"}],"curies":[{"name":"wp","href":"https:\/\/api.w.org\/{rel}","templated":true}]}}