{"id":47329,"date":"2026-01-27T21:36:25","date_gmt":"2026-01-27T21:36:25","guid":{"rendered":"https:\/\/www.deporteseli.com\/?product=tenis-puma-311650"},"modified":"2026-02-16T08:02:05","modified_gmt":"2026-02-16T08:02:05","slug":"tenis-puma-311650","status":"publish","type":"product","link":"https:\/\/www.deporteseli.com\/?product=tenis-puma-311650","title":{"rendered":"TENIS PUMA 311650"},"content":{"rendered":"<p>Zapatillas deportivas para ni\u00f1os en un vibrante color rojo que aportan dinamismo a la apariencia deportiva. Dise\u00f1adas para correr , satisfacen las necesidades de los j\u00f3venes corredores. Su dise\u00f1o es exclusivo para ni\u00f1os, con atenci\u00f3n al detalle que las hace atractivas y funcionales.                                                                                                                                                                                                                                                                                                                                                                                                                                                                                                                                                                                                                                                                                                                                                                                                                                                                                                                                                                                                                                        <\/p>\n","protected":false},"excerpt":{"rendered":"<p>TENIS PUMA 311650<\/p>\n","protected":false},"featured_media":59716,"template":"","meta":[],"product_brand":[],"product_cat":[308],"product_tag":[32],"class_list":{"0":"post-47329","1":"product","2":"type-product","3":"status-publish","4":"has-post-thumbnail","6":"product_cat-nino_calzado_running","7":"product_tag-puma","8":"pa_color-unico","9":"pa_talla-127","10":"pa_talla-131","11":"pa_talla-133","12":"thunk-woo-product-list","13":"opn-qv-enable","14":"open-woo-hover-","15":"open-single-product-tab-horizontal","16":"open-shadow-","17":"open-shadow-hover-","19":"first","20":"instock","21":"sale","22":"shipping-taxable","23":"purchasable","24":"product-type-variable"},"jetpack_sharing_enabled":true,"_links":{"self":[{"href":"https:\/\/www.deporteseli.com\/index.php?rest_route=\/wp\/v2\/product\/47329","targetHints":{"allow":["GET"]}}],"collection":[{"href":"https:\/\/www.deporteseli.com\/index.php?rest_route=\/wp\/v2\/product"}],"about":[{"href":"https:\/\/www.deporteseli.com\/index.php?rest_route=\/wp\/v2\/types\/product"}],"wp:featuredmedia":[{"embeddable":true,"href":"https:\/\/www.deporteseli.com\/index.php?rest_route=\/wp\/v2\/media\/59716"}],"wp:attachment":[{"href":"https:\/\/www.deporteseli.com\/index.php?rest_route=%2Fwp%2Fv2%2Fmedia&parent=47329"}],"wp:term":[{"taxonomy":"product_brand","embeddable":true,"href":"https:\/\/www.deporteseli.com\/index.php?rest_route=%2Fwp%2Fv2%2Fproduct_brand&post=47329"},{"taxonomy":"product_cat","embeddable":true,"href":"https:\/\/www.deporteseli.com\/index.php?rest_route=%2Fwp%2Fv2%2Fproduct_cat&post=47329"},{"taxonomy":"product_tag","embeddable":true,"href":"https:\/\/www.deporteseli.com\/index.php?rest_route=%2Fwp%2Fv2%2Fproduct_tag&post=47329"}],"curies":[{"name":"wp","href":"https:\/\/api.w.org\/{rel}","templated":true}]}}