{"id":47324,"date":"2026-01-27T21:36:17","date_gmt":"2026-01-27T21:36:17","guid":{"rendered":"https:\/\/www.deporteseli.com\/?product=chandal-adidas-jx0505"},"modified":"2026-03-07T06:32:32","modified_gmt":"2026-03-07T06:32:32","slug":"chandal-adidas-jx0505","status":"publish","type":"product","link":"https:\/\/www.deporteseli.com\/?product=chandal-adidas-jx0505","title":{"rendered":"CHANDAL ADIDAS JX0505"},"content":{"rendered":"<p>El legado de un cl\u00e1sico  Conquista las calles con el estilo deportivo de este ch\u00e1ndal adidas. Se ha confeccionado en un un tejido de punto sedoso que le aporta un toque vintage. Las 3 bandas en las mangas y las perneras y el logotipo de las 3 bandas bordado evocan el legado de adidas.    Este producto se ha fabricado con un 100% de materiales reciclados. Utilizando materiales reciclados, reducimos los residuos, nuestra dependencia de los recursos finitos y la huella que generan los productos que fabricamos.  Corte cl\u00e1sico con talle medio  Cierre de cremallera y cuello alzado  100% poli\u00e9ster (reciclado)  Bolsillos frontales en la chaqueta y el pantal\u00f3n  Pu\u00f1os y dobladillo de canal\u00e9  Cintura el\u00e1stica con cord\u00f3n  Color del art\u00edculo: Aurora Ivy  N\u00famero de art\u00edculo: JX0505                                                                                                                                                                                                                                                                                                                                                                                                                                                                                                                                                                                                                                                                                                                                                                                                                                                                                                                                                                                                                                        <\/p>\n","protected":false},"excerpt":{"rendered":"<p>CHANDAL ADIDAS JX0505<\/p>\n","protected":false},"featured_media":59711,"template":"","meta":[],"product_brand":[],"product_cat":[273],"product_tag":[18],"class_list":{"0":"post-47324","1":"product","2":"type-product","3":"status-publish","4":"has-post-thumbnail","6":"product_cat-mujer_textil_chandals","7":"product_tag-adidas","8":"pa_color-unico","9":"pa_talla-l","10":"pa_talla-m","11":"pa_talla-s","12":"pa_talla-xl","13":"thunk-woo-product-list","14":"opn-qv-enable","15":"open-woo-hover-","16":"open-single-product-tab-horizontal","17":"open-shadow-","18":"open-shadow-hover-","20":"first","21":"instock","22":"shipping-taxable","23":"purchasable","24":"product-type-variable"},"jetpack_sharing_enabled":true,"_links":{"self":[{"href":"https:\/\/www.deporteseli.com\/index.php?rest_route=\/wp\/v2\/product\/47324","targetHints":{"allow":["GET"]}}],"collection":[{"href":"https:\/\/www.deporteseli.com\/index.php?rest_route=\/wp\/v2\/product"}],"about":[{"href":"https:\/\/www.deporteseli.com\/index.php?rest_route=\/wp\/v2\/types\/product"}],"wp:featuredmedia":[{"embeddable":true,"href":"https:\/\/www.deporteseli.com\/index.php?rest_route=\/wp\/v2\/media\/59711"}],"wp:attachment":[{"href":"https:\/\/www.deporteseli.com\/index.php?rest_route=%2Fwp%2Fv2%2Fmedia&parent=47324"}],"wp:term":[{"taxonomy":"product_brand","embeddable":true,"href":"https:\/\/www.deporteseli.com\/index.php?rest_route=%2Fwp%2Fv2%2Fproduct_brand&post=47324"},{"taxonomy":"product_cat","embeddable":true,"href":"https:\/\/www.deporteseli.com\/index.php?rest_route=%2Fwp%2Fv2%2Fproduct_cat&post=47324"},{"taxonomy":"product_tag","embeddable":true,"href":"https:\/\/www.deporteseli.com\/index.php?rest_route=%2Fwp%2Fv2%2Fproduct_tag&post=47324"}],"curies":[{"name":"wp","href":"https:\/\/api.w.org\/{rel}","templated":true}]}}