{"id":47320,"date":"2026-01-27T21:36:12","date_gmt":"2026-01-27T21:36:12","guid":{"rendered":"https:\/\/www.deporteseli.com\/?product=chandal-adidas-jd5432"},"modified":"2026-03-07T06:32:27","modified_gmt":"2026-03-07T06:32:27","slug":"chandal-adidas-jd5432","status":"publish","type":"product","link":"https:\/\/www.deporteseli.com\/?product=chandal-adidas-jd5432","title":{"rendered":"CHANDAL ADIDAS JD5432"},"content":{"rendered":"<p>Descripci\u00f3n  Este conjunto de la colecci\u00f3n Essentials de adidas es perfecto para salir a hacer unos recados, quedar para tomar algo o para cualquier plan de \u00faltima hora. Se ha confeccionado en un suave tejido de punto que te envuelve en comodidad. El pantal\u00f3n corto incorpora un cord\u00f3n en la cintura que te brinda un ajuste perfecto. Los peque\u00f1os logotipos de adidas en el pecho y la pernera aportan un toque deportivo a su estilo vers\u00e1til.  Este producto se ha fabricado con un 100% de materiales reciclados. Utilizando materiales reciclados, reducimos los residuos, nuestra dependencia de los recursos finitos y la huella que generan los productos que fabricamos.                                                                                                                                                                                                                                                                                                                                                                                                                                                                                                                                                                                                                                                                                                                                                                                                                                                                                                                                                                                                                                        <\/p>\n","protected":false},"excerpt":{"rendered":"<p>CHANDAL ADIDAS JD5432<\/p>\n","protected":false},"featured_media":59707,"template":"","meta":[],"product_brand":[],"product_cat":[273],"product_tag":[18],"class_list":{"0":"post-47320","1":"product","2":"type-product","3":"status-publish","4":"has-post-thumbnail","6":"product_cat-mujer_textil_chandals","7":"product_tag-adidas","8":"pa_color-unico","9":"pa_talla-m","10":"pa_talla-s","11":"pa_talla-xl","12":"thunk-woo-product-list","13":"opn-qv-enable","14":"open-woo-hover-","15":"open-single-product-tab-horizontal","16":"open-shadow-","17":"open-shadow-hover-","19":"first","20":"instock","21":"shipping-taxable","22":"purchasable","23":"product-type-variable"},"jetpack_sharing_enabled":true,"_links":{"self":[{"href":"https:\/\/www.deporteseli.com\/index.php?rest_route=\/wp\/v2\/product\/47320","targetHints":{"allow":["GET"]}}],"collection":[{"href":"https:\/\/www.deporteseli.com\/index.php?rest_route=\/wp\/v2\/product"}],"about":[{"href":"https:\/\/www.deporteseli.com\/index.php?rest_route=\/wp\/v2\/types\/product"}],"wp:featuredmedia":[{"embeddable":true,"href":"https:\/\/www.deporteseli.com\/index.php?rest_route=\/wp\/v2\/media\/59707"}],"wp:attachment":[{"href":"https:\/\/www.deporteseli.com\/index.php?rest_route=%2Fwp%2Fv2%2Fmedia&parent=47320"}],"wp:term":[{"taxonomy":"product_brand","embeddable":true,"href":"https:\/\/www.deporteseli.com\/index.php?rest_route=%2Fwp%2Fv2%2Fproduct_brand&post=47320"},{"taxonomy":"product_cat","embeddable":true,"href":"https:\/\/www.deporteseli.com\/index.php?rest_route=%2Fwp%2Fv2%2Fproduct_cat&post=47320"},{"taxonomy":"product_tag","embeddable":true,"href":"https:\/\/www.deporteseli.com\/index.php?rest_route=%2Fwp%2Fv2%2Fproduct_tag&post=47320"}],"curies":[{"name":"wp","href":"https:\/\/api.w.org\/{rel}","templated":true}]}}