{"id":47292,"date":"2026-01-27T21:35:30","date_gmt":"2026-01-27T21:35:30","guid":{"rendered":"https:\/\/www.deporteseli.com\/?product=short-adidas-jd6497"},"modified":"2026-03-07T06:32:07","modified_gmt":"2026-03-07T06:32:07","slug":"short-adidas-jd6497","status":"publish","type":"product","link":"https:\/\/www.deporteseli.com\/?product=short-adidas-jd6497","title":{"rendered":"SHORT ADIDAS JD6497"},"content":{"rendered":"<p>Descripci\u00f3n  Este pantal\u00f3n corto adidas para j\u00f3venes deportistas te ofrece la cobertura que necesitas tanto en tus entrenamientos m\u00e1s exigentes como en tu d\u00eda a d\u00eda. La tecnolog\u00eda CLIMACOOL aleja el sudor de la piel, manteni\u00e9ndola fresca y seca para minimizar las distracciones y optimizar tu rendimiento. Las 3 bandas en contraste en los laterales son el sello de nuestro legado deportivo.  CLIMACOOL te ayuda a gestionar la transpiraci\u00f3n gracias a sus materiales que expulsan la humedad r\u00e1pidamente. Sus fibras de secado r\u00e1pido te proporcionan una agradable sensaci\u00f3n de frescura.  Este producto se ha fabricado con un 100% de materiales reciclados. Utilizando materiales reciclados, reducimos los residuos, nuestra dependencia de los recursos finitos y la huella que generan los productos que fabricamos.                                                                                                                                                                                                                                                                                                                                                                                                                                                                                                                                                                                                                                                                                                                                                                                                                                                                                                                                                                                                                                        <\/p>\n","protected":false},"excerpt":{"rendered":"<p>SHORT ADIDAS JD6497<\/p>\n","protected":false},"featured_media":59679,"template":"","meta":[],"product_brand":[],"product_cat":[365],"product_tag":[18],"class_list":{"0":"post-47292","1":"product","2":"type-product","3":"status-publish","4":"has-post-thumbnail","6":"product_cat-padel_y_tenis_textil_shorts","7":"product_tag-adidas","8":"pa_color-unico","9":"pa_talla-t-10","10":"pa_talla-t-12","11":"pa_talla-t-14","12":"pa_talla-t-16","13":"thunk-woo-product-list","14":"opn-qv-enable","15":"open-woo-hover-","16":"open-single-product-tab-horizontal","17":"open-shadow-","18":"open-shadow-hover-","20":"first","21":"instock","22":"shipping-taxable","23":"purchasable","24":"product-type-variable"},"jetpack_sharing_enabled":true,"_links":{"self":[{"href":"https:\/\/www.deporteseli.com\/index.php?rest_route=\/wp\/v2\/product\/47292","targetHints":{"allow":["GET"]}}],"collection":[{"href":"https:\/\/www.deporteseli.com\/index.php?rest_route=\/wp\/v2\/product"}],"about":[{"href":"https:\/\/www.deporteseli.com\/index.php?rest_route=\/wp\/v2\/types\/product"}],"wp:featuredmedia":[{"embeddable":true,"href":"https:\/\/www.deporteseli.com\/index.php?rest_route=\/wp\/v2\/media\/59679"}],"wp:attachment":[{"href":"https:\/\/www.deporteseli.com\/index.php?rest_route=%2Fwp%2Fv2%2Fmedia&parent=47292"}],"wp:term":[{"taxonomy":"product_brand","embeddable":true,"href":"https:\/\/www.deporteseli.com\/index.php?rest_route=%2Fwp%2Fv2%2Fproduct_brand&post=47292"},{"taxonomy":"product_cat","embeddable":true,"href":"https:\/\/www.deporteseli.com\/index.php?rest_route=%2Fwp%2Fv2%2Fproduct_cat&post=47292"},{"taxonomy":"product_tag","embeddable":true,"href":"https:\/\/www.deporteseli.com\/index.php?rest_route=%2Fwp%2Fv2%2Fproduct_tag&post=47292"}],"curies":[{"name":"wp","href":"https:\/\/api.w.org\/{rel}","templated":true}]}}