{"id":47286,"date":"2026-01-27T21:35:22","date_gmt":"2026-01-27T21:35:22","guid":{"rendered":"https:\/\/www.deporteseli.com\/?product=chandal-adidas-jc7521"},"modified":"2026-03-07T06:32:02","modified_gmt":"2026-03-07T06:32:02","slug":"chandal-adidas-jc7521","status":"publish","type":"product","link":"https:\/\/www.deporteseli.com\/?product=chandal-adidas-jc7521","title":{"rendered":"CHANDAL ADIDAS JC7521"},"content":{"rendered":"<p>Descripci\u00f3n  Este ch\u00e1ndal adidas para j\u00f3venes deportistas es el aliado perfecto para tus d\u00edas m\u00e1s activos. Se ha confeccionado en un tejido de felpa c\u00e1lido y suave con detalles de canal\u00e9 que ayudan a retener el calor corporal. Ya sea para ir a clase o para quedar con tus amigos en tu cafeter\u00eda favorita, este conjunto te ofrece el estilo y el confort que buscas. Las emblem\u00e1ticas 3 bandas en ambas prendas reflejan tu pasi\u00f3n por el deporte all\u00e1 donde te lleve el d\u00eda.  Al elegir materiales reciclados, podemos dar nueva vida a materiales que ya se han utilizado, lo que contribuye a reducir los residuos. La utilizaci\u00f3n de materiales renovables nos ayuda a acabar con nuestra dependencia de los recursos finitos. Nuestros productos fabricados con materiales reciclados y renovables contienen al menos un 70% de estos materiales.                                                                                                                                                                                                                                                                                                                                                                                                                                                                                                                                                                                                                                                                                                                                                                                                                                                                                                                                                                                                                                        <\/p>\n","protected":false},"excerpt":{"rendered":"<p>CHANDAL ADIDAS JC7521<\/p>\n","protected":false},"featured_media":59676,"template":"","meta":[],"product_brand":[],"product_cat":[380],"product_tag":[18],"class_list":{"0":"post-47286","1":"product","2":"type-product","3":"status-publish","4":"has-post-thumbnail","6":"product_cat-ninas_textil_chandals","7":"product_tag-adidas","8":"pa_color-unico","9":"pa_talla-t-10","10":"pa_talla-t-12","11":"pa_talla-t-14","12":"pa_talla-t-16","13":"pa_talla-t-8","14":"thunk-woo-product-list","15":"opn-qv-enable","16":"open-woo-hover-","17":"open-single-product-tab-horizontal","18":"open-shadow-","19":"open-shadow-hover-","21":"first","22":"instock","23":"shipping-taxable","24":"purchasable","25":"product-type-variable"},"jetpack_sharing_enabled":true,"_links":{"self":[{"href":"https:\/\/www.deporteseli.com\/index.php?rest_route=\/wp\/v2\/product\/47286","targetHints":{"allow":["GET"]}}],"collection":[{"href":"https:\/\/www.deporteseli.com\/index.php?rest_route=\/wp\/v2\/product"}],"about":[{"href":"https:\/\/www.deporteseli.com\/index.php?rest_route=\/wp\/v2\/types\/product"}],"wp:featuredmedia":[{"embeddable":true,"href":"https:\/\/www.deporteseli.com\/index.php?rest_route=\/wp\/v2\/media\/59676"}],"wp:attachment":[{"href":"https:\/\/www.deporteseli.com\/index.php?rest_route=%2Fwp%2Fv2%2Fmedia&parent=47286"}],"wp:term":[{"taxonomy":"product_brand","embeddable":true,"href":"https:\/\/www.deporteseli.com\/index.php?rest_route=%2Fwp%2Fv2%2Fproduct_brand&post=47286"},{"taxonomy":"product_cat","embeddable":true,"href":"https:\/\/www.deporteseli.com\/index.php?rest_route=%2Fwp%2Fv2%2Fproduct_cat&post=47286"},{"taxonomy":"product_tag","embeddable":true,"href":"https:\/\/www.deporteseli.com\/index.php?rest_route=%2Fwp%2Fv2%2Fproduct_tag&post=47286"}],"curies":[{"name":"wp","href":"https:\/\/api.w.org\/{rel}","templated":true}]}}