{"id":47276,"date":"2026-01-27T21:35:09","date_gmt":"2026-01-27T21:35:09","guid":{"rendered":"https:\/\/www.deporteseli.com\/?product=tenis-j-smith-rokin-2"},"modified":"2026-03-26T05:19:25","modified_gmt":"2026-03-26T05:19:25","slug":"tenis-j-smith-rokin-2","status":"publish","type":"product","link":"https:\/\/www.deporteseli.com\/?product=tenis-j-smith-rokin-2","title":{"rendered":"TENIS J.SMITH ROKIN"},"content":{"rendered":"<p>Ligereza y estilo que marcan la diferencia.  Esta zapatilla para running ligero combina la innovaci\u00f3n del tejido jacquard con detalles termosellados, creando un dise\u00f1o que no solo es ligero y funcional, sino tambi\u00e9n impactante y moderno. Ideal para quienes buscan rendimiento sin renunciar al estilo.                                                                                                                                                                                                                                                                                                                                                                                                                                                                                                                                                                                                                                                                                                                                                                                                                                                                                                                                                                                                                                        <\/p>\n","protected":false},"excerpt":{"rendered":"<p>TENIS J.SMITH ROKIN<\/p>\n","protected":false},"featured_media":59667,"template":"","meta":[],"product_brand":[],"product_cat":[259],"product_tag":[43],"class_list":{"0":"post-47276","1":"product","2":"type-product","3":"status-publish","4":"has-post-thumbnail","6":"product_cat-hombre_calzado_running","7":"product_tag-jhon_smith","8":"pa_color-unico","9":"pa_talla-149","10":"pa_talla-151","11":"pa_talla-153","12":"pa_talla-155","13":"pa_talla-157","14":"thunk-woo-product-list","15":"opn-qv-enable","16":"open-woo-hover-","17":"open-single-product-tab-horizontal","18":"open-shadow-","19":"open-shadow-hover-","21":"first","22":"instock","23":"sale","24":"shipping-taxable","25":"purchasable","26":"product-type-variable"},"jetpack_sharing_enabled":true,"_links":{"self":[{"href":"https:\/\/www.deporteseli.com\/index.php?rest_route=\/wp\/v2\/product\/47276","targetHints":{"allow":["GET"]}}],"collection":[{"href":"https:\/\/www.deporteseli.com\/index.php?rest_route=\/wp\/v2\/product"}],"about":[{"href":"https:\/\/www.deporteseli.com\/index.php?rest_route=\/wp\/v2\/types\/product"}],"wp:featuredmedia":[{"embeddable":true,"href":"https:\/\/www.deporteseli.com\/index.php?rest_route=\/wp\/v2\/media\/59667"}],"wp:attachment":[{"href":"https:\/\/www.deporteseli.com\/index.php?rest_route=%2Fwp%2Fv2%2Fmedia&parent=47276"}],"wp:term":[{"taxonomy":"product_brand","embeddable":true,"href":"https:\/\/www.deporteseli.com\/index.php?rest_route=%2Fwp%2Fv2%2Fproduct_brand&post=47276"},{"taxonomy":"product_cat","embeddable":true,"href":"https:\/\/www.deporteseli.com\/index.php?rest_route=%2Fwp%2Fv2%2Fproduct_cat&post=47276"},{"taxonomy":"product_tag","embeddable":true,"href":"https:\/\/www.deporteseli.com\/index.php?rest_route=%2Fwp%2Fv2%2Fproduct_tag&post=47276"}],"curies":[{"name":"wp","href":"https:\/\/api.w.org\/{rel}","templated":true}]}}