{"id":47260,"date":"2026-01-27T21:34:50","date_gmt":"2026-01-27T21:34:50","guid":{"rendered":"https:\/\/www.deporteseli.com\/?product=gel-challenger-15-padel-2"},"modified":"2026-04-01T04:18:11","modified_gmt":"2026-04-01T04:18:11","slug":"gel-challenger-15-padel-2","status":"publish","type":"product","link":"https:\/\/www.deporteseli.com\/?product=gel-challenger-15-padel-2","title":{"rendered":"GEL-CHALLENGER 15 PADEL"},"content":{"rendered":"<p>Descripci\u00f3n  La zapatilla GEL-CHALLENGER 15 PADEL ofrece la m\u00e1xima estabilidad y sujeci\u00f3n en los movimientos laterales. Mantiene firme la posici\u00f3n del pie para garantizar transiciones m\u00e1s suaves y reducir el tiempo necesario para cambiar de direcci\u00f3n con rapidez. Es una zapatilla de p\u00e1del muy estable con la que podr\u00e1s cubrir f\u00e1cilmente toda la pista.    Gracias a la tecnolog\u00eda WINGWALL y la suela completa de esta zapatilla, mantendr\u00e1s la estabilidad en los movimientos r\u00e1pidos. Por otro lado, el sistema de lazada personalizable DYNALACING favorece los movimientos de lado a lado al sujetar el pie de forma segura. La tecnolog\u00eda PGUARD aporta una mayor durabilidad en zonas de mucho desgaste, por lo que la zapatilla mantiene su eficacia y fiabilidad incluso en los partidos m\u00e1s exigentes.    \u00bfQu\u00e9 hace que la zapatilla GEL-CHALLENGER 15 PADEL sea tan estable?    La tecnolog\u00eda WINGWALL y la suela especial para p\u00e1del contribuyen a mantener el equilibrio y el control en los movimientos r\u00e1pidos de lado a lado.  La tecnolog\u00eda DYNALACING sujeta el pie c\u00f3modamente para mejorar la estabilidad.  La tecnolog\u00eda PGUARD mejora la durabilidad en la zona del antepi\u00e9, por lo que la zapatilla mantiene su forma y proporciona un apoyo constante durante los partidos.  \u00bfQu\u00e9 otras cualidades hacen que la zapatilla GEL-CHALLENGER 15 PADEL resulte una gran opci\u00f3n?    El dise\u00f1o de esta zapatilla se centra en la estabilidad y la sujeci\u00f3n. Hemos dedicado horas a probarla y perfeccionarla en nuestro Institute of Sport Science (ISS) en Jap\u00f3n. La zapatilla GEL-CHALLENGER 15 PADEL incluye m\u00e1s caracter\u00edsticas para ayudarte en tus partidos. Puedes consultarlas en la secci\u00f3n  Caracter\u00edsticas t\u00e9cnicas .                                                                                                                                                                                                                                                                                                                                                                                                                                                                                                                                                                                                                                                                                                                                                                                                                                                                                                                                                                                                                                        <\/p>\n","protected":false},"excerpt":{"rendered":"<p>GEL-CHALLENGER 15 PADEL<\/p>\n","protected":false},"featured_media":59658,"template":"","meta":[],"product_brand":[],"product_cat":[371],"product_tag":[19],"class_list":{"0":"post-47260","1":"product","2":"type-product","3":"status-publish","4":"has-post-thumbnail","6":"product_cat-padel_y_tenis_calzado","7":"product_tag-asics","8":"pa_color-unico","9":"pa_talla-41-5","10":"pa_talla-153","11":"pa_talla-42-5","12":"pa_talla-43-5","13":"pa_talla-157","14":"pa_talla-44-5","15":"pa_talla-159","16":"pa_talla-46-5","17":"pa_talla-163","18":"pa_talla-164","19":"thunk-woo-product-list","20":"opn-qv-enable","21":"open-woo-hover-","22":"open-single-product-tab-horizontal","23":"open-shadow-","24":"open-shadow-hover-","26":"first","27":"instock","28":"sale","29":"shipping-taxable","30":"purchasable","31":"product-type-variable"},"jetpack_sharing_enabled":true,"_links":{"self":[{"href":"https:\/\/www.deporteseli.com\/index.php?rest_route=\/wp\/v2\/product\/47260","targetHints":{"allow":["GET"]}}],"collection":[{"href":"https:\/\/www.deporteseli.com\/index.php?rest_route=\/wp\/v2\/product"}],"about":[{"href":"https:\/\/www.deporteseli.com\/index.php?rest_route=\/wp\/v2\/types\/product"}],"wp:featuredmedia":[{"embeddable":true,"href":"https:\/\/www.deporteseli.com\/index.php?rest_route=\/wp\/v2\/media\/59658"}],"wp:attachment":[{"href":"https:\/\/www.deporteseli.com\/index.php?rest_route=%2Fwp%2Fv2%2Fmedia&parent=47260"}],"wp:term":[{"taxonomy":"product_brand","embeddable":true,"href":"https:\/\/www.deporteseli.com\/index.php?rest_route=%2Fwp%2Fv2%2Fproduct_brand&post=47260"},{"taxonomy":"product_cat","embeddable":true,"href":"https:\/\/www.deporteseli.com\/index.php?rest_route=%2Fwp%2Fv2%2Fproduct_cat&post=47260"},{"taxonomy":"product_tag","embeddable":true,"href":"https:\/\/www.deporteseli.com\/index.php?rest_route=%2Fwp%2Fv2%2Fproduct_tag&post=47260"}],"curies":[{"name":"wp","href":"https:\/\/api.w.org\/{rel}","templated":true}]}}