{"id":47248,"date":"2026-01-27T21:34:34","date_gmt":"2026-01-27T21:34:34","guid":{"rendered":"https:\/\/www.deporteseli.com\/?product=tenis-j-smith-cersi"},"modified":"2026-03-14T05:18:50","modified_gmt":"2026-03-14T05:18:50","slug":"tenis-j-smith-cersi","status":"publish","type":"product","link":"https:\/\/www.deporteseli.com\/?product=tenis-j-smith-cersi","title":{"rendered":"TENIS J.SMITH CERSI"},"content":{"rendered":"<p>Zapatilla robusta con m\u00e1xima protecci\u00f3n y transpirabilidad    Dise\u00f1adas para quienes buscan durabilidad y confort, estas zapatillas cuentan con un corte sint\u00e9tico de alta densidad que ofrece protecci\u00f3n y resistencia superiores. Su puntera perforada no solo mejora la ventilaci\u00f3n para mantener tus pies frescos, sino que tambi\u00e9n aporta un detalle visual moderno y din\u00e1mico.                                                                                                                                                                                                                                                                                                                                                                                                                                                                                                                                                                                                                                                                                                                                                                                                                                                                                                                                                                                                                                        <\/p>\n","protected":false},"excerpt":{"rendered":"<p>TENIS J.SMITH CERSI<\/p>\n","protected":false},"featured_media":59654,"template":"","meta":[],"product_brand":[],"product_cat":[310],"product_tag":[43],"class_list":{"0":"post-47248","1":"product","2":"type-product","3":"status-publish","4":"has-post-thumbnail","6":"product_cat-nino_calzado_casual","7":"product_tag-jhon_smith","8":"pa_color-unico","9":"pa_talla-117","10":"pa_talla-119","11":"pa_talla-123","12":"pa_talla-125","13":"pa_talla-127","14":"pa_talla-129","15":"pa_talla-131","16":"pa_talla-133","17":"pa_talla-135","18":"pa_talla-137","19":"pa_talla-139","20":"thunk-woo-product-list","21":"opn-qv-enable","22":"open-woo-hover-","23":"open-single-product-tab-horizontal","24":"open-shadow-","25":"open-shadow-hover-","27":"first","28":"instock","29":"sale","30":"shipping-taxable","31":"purchasable","32":"product-type-variable"},"jetpack_sharing_enabled":true,"_links":{"self":[{"href":"https:\/\/www.deporteseli.com\/index.php?rest_route=\/wp\/v2\/product\/47248","targetHints":{"allow":["GET"]}}],"collection":[{"href":"https:\/\/www.deporteseli.com\/index.php?rest_route=\/wp\/v2\/product"}],"about":[{"href":"https:\/\/www.deporteseli.com\/index.php?rest_route=\/wp\/v2\/types\/product"}],"wp:featuredmedia":[{"embeddable":true,"href":"https:\/\/www.deporteseli.com\/index.php?rest_route=\/wp\/v2\/media\/59654"}],"wp:attachment":[{"href":"https:\/\/www.deporteseli.com\/index.php?rest_route=%2Fwp%2Fv2%2Fmedia&parent=47248"}],"wp:term":[{"taxonomy":"product_brand","embeddable":true,"href":"https:\/\/www.deporteseli.com\/index.php?rest_route=%2Fwp%2Fv2%2Fproduct_brand&post=47248"},{"taxonomy":"product_cat","embeddable":true,"href":"https:\/\/www.deporteseli.com\/index.php?rest_route=%2Fwp%2Fv2%2Fproduct_cat&post=47248"},{"taxonomy":"product_tag","embeddable":true,"href":"https:\/\/www.deporteseli.com\/index.php?rest_route=%2Fwp%2Fv2%2Fproduct_tag&post=47248"}],"curies":[{"name":"wp","href":"https:\/\/api.w.org\/{rel}","templated":true}]}}