{"id":47208,"date":"2026-01-27T21:33:36","date_gmt":"2026-01-27T21:33:36","guid":{"rendered":"https:\/\/www.deporteseli.com\/?product=camiseta-bullpadel-covelo-azul-sombra"},"modified":"2026-03-07T06:31:25","modified_gmt":"2026-03-07T06:31:25","slug":"camiseta-bullpadel-covelo-azul-sombra","status":"publish","type":"product","link":"https:\/\/www.deporteseli.com\/?product=camiseta-bullpadel-covelo-azul-sombra","title":{"rendered":"CAMISETA BULLPADEL COVELO AZUL SOMBRA"},"content":{"rendered":"<p>Una camiseta pensada para rendir al m\u00e1ximo en cada punto, con el equilibrio justo entre dise\u00f1o y tecnolog\u00eda. Una prenda pensada para elevar tu rendimiento en la pista sin renunciar al estilo.    Dise\u00f1ada para acompa\u00f1arte en cada movimiento con la m\u00e1xima comodidad, su construcci\u00f3n t\u00e9cnica y detalles funcionales marcan la diferencia partido tras partido. Perfecta para entrenamientos intensos o partidos exigentes bajo el sol.. Una camiseta dise\u00f1ada para rendir al m\u00e1ximo en la pista. Confeccionada en tejido ligero y el\u00e1stico, incorpora tecnolog\u00eda Drynamic para un secado r\u00e1pido y una sensaci\u00f3n de frescura constante. Su dise\u00f1o sublimado, las perforaciones en la espalda y los logos engomados aportan un toque moderno y funcional. Ideal para quienes buscan diferenciarse tambi\u00e9n en estilo.                                                                                                                                                                                                                                                                                                                                                                                                                                                                                                                                                                                                                                                                                                                                                                                                                                                                                                                                                                                                                                        <\/p>\n","protected":false},"excerpt":{"rendered":"<p>CAMISETA BULLPADEL COVELO AZUL SOMBRA<\/p>\n","protected":false},"featured_media":59614,"template":"","meta":[],"product_brand":[],"product_cat":[364],"product_tag":[21],"class_list":{"0":"post-47208","1":"product","2":"type-product","3":"status-publish","4":"has-post-thumbnail","6":"product_cat-padel_y_tenis_textil_camisas","7":"product_tag-bull_padel","8":"pa_color-unico","9":"pa_talla-m","10":"pa_talla-s","11":"pa_talla-xs","12":"thunk-woo-product-list","13":"opn-qv-enable","14":"open-woo-hover-","15":"open-single-product-tab-horizontal","16":"open-shadow-","17":"open-shadow-hover-","19":"first","20":"instock","21":"shipping-taxable","22":"purchasable","23":"product-type-variable"},"jetpack_sharing_enabled":true,"_links":{"self":[{"href":"https:\/\/www.deporteseli.com\/index.php?rest_route=\/wp\/v2\/product\/47208","targetHints":{"allow":["GET"]}}],"collection":[{"href":"https:\/\/www.deporteseli.com\/index.php?rest_route=\/wp\/v2\/product"}],"about":[{"href":"https:\/\/www.deporteseli.com\/index.php?rest_route=\/wp\/v2\/types\/product"}],"wp:featuredmedia":[{"embeddable":true,"href":"https:\/\/www.deporteseli.com\/index.php?rest_route=\/wp\/v2\/media\/59614"}],"wp:attachment":[{"href":"https:\/\/www.deporteseli.com\/index.php?rest_route=%2Fwp%2Fv2%2Fmedia&parent=47208"}],"wp:term":[{"taxonomy":"product_brand","embeddable":true,"href":"https:\/\/www.deporteseli.com\/index.php?rest_route=%2Fwp%2Fv2%2Fproduct_brand&post=47208"},{"taxonomy":"product_cat","embeddable":true,"href":"https:\/\/www.deporteseli.com\/index.php?rest_route=%2Fwp%2Fv2%2Fproduct_cat&post=47208"},{"taxonomy":"product_tag","embeddable":true,"href":"https:\/\/www.deporteseli.com\/index.php?rest_route=%2Fwp%2Fv2%2Fproduct_tag&post=47208"}],"curies":[{"name":"wp","href":"https:\/\/api.w.org\/{rel}","templated":true}]}}