{"id":47145,"date":"2026-01-27T21:32:04","date_gmt":"2026-01-27T21:32:04","guid":{"rendered":"https:\/\/www.deporteseli.com\/?product=tenis-adidas-ih2974"},"modified":"2026-03-11T05:18:55","modified_gmt":"2026-03-11T05:18:55","slug":"tenis-adidas-ih2974","status":"publish","type":"product","link":"https:\/\/www.deporteseli.com\/?product=tenis-adidas-ih2974","title":{"rendered":"TENIS ADIDAS IH2974"},"content":{"rendered":"<p>Descripci\u00f3n  La comodidad no es cuestionable. Esta zapatilla adidas es un regalo para tus pies. La plantilla Cloudfoam Comfort te ofrece una amortiguaci\u00f3n ultrasuave para que disfrutes plenamente de cada aventura diaria. El empeine de malla ligera y transpirable mantiene la frescura en las jornadas m\u00e1s c\u00e1lidas. Las emblem\u00e1ticas 3 bandas aportan un reconocible toque deportivo a tu imagen.                                                                                                                                                                                                                                                                                                                                                                                                                                                                                                                                                                                                                                                                                                                                                                                                                                                                                                                                                                                                                                        <\/p>\n","protected":false},"excerpt":{"rendered":"<p>TENIS ADIDAS IH2974<\/p>\n","protected":false},"featured_media":59580,"template":"","meta":[],"product_brand":[],"product_cat":[285],"product_tag":[18],"class_list":{"0":"post-47145","1":"product","2":"type-product","3":"status-publish","4":"has-post-thumbnail","6":"product_cat-mujer_calzado_running","7":"product_tag-adidas","8":"pa_color-unico","9":"pa_talla-37-5","10":"pa_talla-40-5","11":"thunk-woo-product-list","12":"opn-qv-enable","13":"open-woo-hover-","14":"open-single-product-tab-horizontal","15":"open-shadow-","16":"open-shadow-hover-","18":"first","19":"instock","20":"sale","21":"shipping-taxable","22":"purchasable","23":"product-type-variable"},"jetpack_sharing_enabled":true,"_links":{"self":[{"href":"https:\/\/www.deporteseli.com\/index.php?rest_route=\/wp\/v2\/product\/47145","targetHints":{"allow":["GET"]}}],"collection":[{"href":"https:\/\/www.deporteseli.com\/index.php?rest_route=\/wp\/v2\/product"}],"about":[{"href":"https:\/\/www.deporteseli.com\/index.php?rest_route=\/wp\/v2\/types\/product"}],"wp:featuredmedia":[{"embeddable":true,"href":"https:\/\/www.deporteseli.com\/index.php?rest_route=\/wp\/v2\/media\/59580"}],"wp:attachment":[{"href":"https:\/\/www.deporteseli.com\/index.php?rest_route=%2Fwp%2Fv2%2Fmedia&parent=47145"}],"wp:term":[{"taxonomy":"product_brand","embeddable":true,"href":"https:\/\/www.deporteseli.com\/index.php?rest_route=%2Fwp%2Fv2%2Fproduct_brand&post=47145"},{"taxonomy":"product_cat","embeddable":true,"href":"https:\/\/www.deporteseli.com\/index.php?rest_route=%2Fwp%2Fv2%2Fproduct_cat&post=47145"},{"taxonomy":"product_tag","embeddable":true,"href":"https:\/\/www.deporteseli.com\/index.php?rest_route=%2Fwp%2Fv2%2Fproduct_tag&post=47145"}],"curies":[{"name":"wp","href":"https:\/\/api.w.org\/{rel}","templated":true}]}}