{"id":47136,"date":"2026-01-27T21:31:53","date_gmt":"2026-01-27T21:31:53","guid":{"rendered":"https:\/\/www.deporteseli.com\/?product=polo-adidas-je9022"},"modified":"2026-03-19T05:19:23","modified_gmt":"2026-03-19T05:19:23","slug":"polo-adidas-je9022","status":"publish","type":"product","link":"https:\/\/www.deporteseli.com\/?product=polo-adidas-je9022","title":{"rendered":"POLO ADIDAS JE9022"},"content":{"rendered":"<p>Descripci\u00f3n  Gracias a su dise\u00f1o actual y vers\u00e1til, este polo adidas es perfecto para lucir un estilo impecable en tu d\u00eda a d\u00eda. Presenta un corte ni muy ajustado ni muy holgado con aberturas laterales que favorecen la libertad de movimiento. El logotipo de las 3 bandas bordado remata el look. Comb\u00ednalo con un pantal\u00f3n chino para ir a la oficina o con unos vaqueros para el fin de semana. Cualquier opci\u00f3n es buena.  Al elegir materiales reciclados, podemos dar nueva vida a materiales que ya se han utilizado y ayudar a reducir los residuos. La utilizaci\u00f3n de materiales renovables nos ayuda a eliminar nuestra dependencia de los recursos finitos. Nuestros productos fabricados con materiales reciclados y renovables contienen al menos un 70% de estos materiales.                                                                                                                                                                                                                                                                                                                                                                                                                                                                                                                                                                                                                                                                                                                                                                                                                                                                                                                                                                                                                                        <\/p>\n","protected":false},"excerpt":{"rendered":"<p>POLO ADIDAS JE9022<\/p>\n","protected":false},"featured_media":59571,"template":"","meta":[],"product_brand":[],"product_cat":[245],"product_tag":[18],"class_list":{"0":"post-47136","1":"product","2":"type-product","3":"status-publish","4":"has-post-thumbnail","6":"product_cat-hombre_textil_camisetas","7":"product_tag-adidas","8":"pa_color-unico","9":"pa_talla-l","10":"pa_talla-m","11":"pa_talla-xl","12":"pa_talla-xxl","13":"thunk-woo-product-list","14":"opn-qv-enable","15":"open-woo-hover-","16":"open-single-product-tab-horizontal","17":"open-shadow-","18":"open-shadow-hover-","20":"first","21":"instock","22":"shipping-taxable","23":"purchasable","24":"product-type-variable"},"jetpack_sharing_enabled":true,"_links":{"self":[{"href":"https:\/\/www.deporteseli.com\/index.php?rest_route=\/wp\/v2\/product\/47136","targetHints":{"allow":["GET"]}}],"collection":[{"href":"https:\/\/www.deporteseli.com\/index.php?rest_route=\/wp\/v2\/product"}],"about":[{"href":"https:\/\/www.deporteseli.com\/index.php?rest_route=\/wp\/v2\/types\/product"}],"wp:featuredmedia":[{"embeddable":true,"href":"https:\/\/www.deporteseli.com\/index.php?rest_route=\/wp\/v2\/media\/59571"}],"wp:attachment":[{"href":"https:\/\/www.deporteseli.com\/index.php?rest_route=%2Fwp%2Fv2%2Fmedia&parent=47136"}],"wp:term":[{"taxonomy":"product_brand","embeddable":true,"href":"https:\/\/www.deporteseli.com\/index.php?rest_route=%2Fwp%2Fv2%2Fproduct_brand&post=47136"},{"taxonomy":"product_cat","embeddable":true,"href":"https:\/\/www.deporteseli.com\/index.php?rest_route=%2Fwp%2Fv2%2Fproduct_cat&post=47136"},{"taxonomy":"product_tag","embeddable":true,"href":"https:\/\/www.deporteseli.com\/index.php?rest_route=%2Fwp%2Fv2%2Fproduct_tag&post=47136"}],"curies":[{"name":"wp","href":"https:\/\/api.w.org\/{rel}","templated":true}]}}