{"id":47131,"date":"2026-01-27T21:31:47","date_gmt":"2026-01-27T21:31:47","guid":{"rendered":"https:\/\/www.deporteseli.com\/?product=tenis-adidas-ih0326"},"modified":"2026-02-28T05:19:44","modified_gmt":"2026-02-28T05:19:44","slug":"tenis-adidas-ih0326","status":"publish","type":"product","link":"https:\/\/www.deporteseli.com\/?product=tenis-adidas-ih0326","title":{"rendered":"TENIS ADIDAS IH0326"},"content":{"rendered":"<p>Zapatos Ultimashow 2.0  Zapatillas para correr c\u00f3modas y con buen soporte, fabricadas en parte con materiales reciclados.  Sea cual sea tu enfoque y tu velocidad, estas zapatillas adidas ofrecen una estabilidad y una respuesta excepcionales. La amortiguaci\u00f3n Cloudfoam proporciona comodidad al pisar para que te deslices durante todo el d\u00eda. La parte superior de malla transpirable permite que el aire circule alrededor del pie, mientras que la estructura de TPU y el contrafuerte del tal\u00f3n ofrecen soporte donde m\u00e1s se necesita. Este producto est\u00e1 fabricado con al menos un 20 % de materiales reciclados. Al reutilizar materiales ya creados, contribuimos a reducir los residuos y nuestra dependencia de recursos finitos, as\u00ed como la huella ecol\u00f3gica de los productos que fabricamos.  Ajuste regular  Cierre de encaje  Parte superior de malla  Forro textil  Entresuela Cloudfoam  Jaula de TPU y contrafuerte del tal\u00f3n  Suela de goma  Contiene al menos un 20% de contenido reciclado.  C\u00f3digo de producto: IH0326                                                                                                                                                                                                                                                                                                                                                                                                                                                                                                                                                                                                                                                                                                                                                                                                                                                                                                                                                                                                                                        <\/p>\n","protected":false},"excerpt":{"rendered":"<p>TENIS ADIDAS IH0326<\/p>\n","protected":false},"featured_media":59566,"template":"","meta":[],"product_brand":[],"product_cat":[285],"product_tag":[18],"class_list":{"0":"post-47131","1":"product","2":"type-product","3":"status-publish","4":"has-post-thumbnail","6":"product_cat-mujer_calzado_running","7":"product_tag-adidas","8":"pa_color-unico","9":"pa_talla-36-5","10":"pa_talla-39-5","11":"pa_talla-149","12":"pa_talla-40-5","13":"thunk-woo-product-list","14":"opn-qv-enable","15":"open-woo-hover-","16":"open-single-product-tab-horizontal","17":"open-shadow-","18":"open-shadow-hover-","20":"first","21":"instock","22":"sale","23":"shipping-taxable","24":"purchasable","25":"product-type-variable"},"jetpack_sharing_enabled":true,"_links":{"self":[{"href":"https:\/\/www.deporteseli.com\/index.php?rest_route=\/wp\/v2\/product\/47131","targetHints":{"allow":["GET"]}}],"collection":[{"href":"https:\/\/www.deporteseli.com\/index.php?rest_route=\/wp\/v2\/product"}],"about":[{"href":"https:\/\/www.deporteseli.com\/index.php?rest_route=\/wp\/v2\/types\/product"}],"wp:featuredmedia":[{"embeddable":true,"href":"https:\/\/www.deporteseli.com\/index.php?rest_route=\/wp\/v2\/media\/59566"}],"wp:attachment":[{"href":"https:\/\/www.deporteseli.com\/index.php?rest_route=%2Fwp%2Fv2%2Fmedia&parent=47131"}],"wp:term":[{"taxonomy":"product_brand","embeddable":true,"href":"https:\/\/www.deporteseli.com\/index.php?rest_route=%2Fwp%2Fv2%2Fproduct_brand&post=47131"},{"taxonomy":"product_cat","embeddable":true,"href":"https:\/\/www.deporteseli.com\/index.php?rest_route=%2Fwp%2Fv2%2Fproduct_cat&post=47131"},{"taxonomy":"product_tag","embeddable":true,"href":"https:\/\/www.deporteseli.com\/index.php?rest_route=%2Fwp%2Fv2%2Fproduct_tag&post=47131"}],"curies":[{"name":"wp","href":"https:\/\/api.w.org\/{rel}","templated":true}]}}