{"id":47129,"date":"2026-01-27T21:31:44","date_gmt":"2026-01-27T21:31:44","guid":{"rendered":"https:\/\/www.deporteseli.com\/?product=bolso-adidas-jm7152"},"modified":"2026-01-27T21:31:46","modified_gmt":"2026-01-27T21:31:46","slug":"bolso-adidas-jm7152","status":"publish","type":"product","link":"https:\/\/www.deporteseli.com\/?product=bolso-adidas-jm7152","title":{"rendered":"BOLSO ADIDAS JM7152"},"content":{"rendered":"<p>La funcionalidad que se lleva  Ve a estudiar o a entrenar con este organizador de adidas para tener a mano tus objetos m\u00e1s codiciados. Cuenta con varios bolsillos para guardar todo lo necesario en un d\u00eda de campus o de gimnasio. La correa para el hombro te permite liberar las manos para que solo te centres en lo importante. Los detalles reflectantes destacan en condiciones de poca luz.  Dimensiones: 7,5 cm \u00d7 24 cm \u00d7 18 cm  Capacidad: 4 l  100% poli\u00e9ster (reciclado)  Color del art\u00edculo: Black  N\u00famero de art\u00edculo: JM7152                                                                                                                                                                                                                                                                                                                                                                                                                                                                                                                                                                                                                                                                                                                                                                                                                                                                                                                                                                                                                                        <\/p>\n","protected":false},"excerpt":{"rendered":"<p>BOLSO ADIDAS JM7152<\/p>\n","protected":false},"featured_media":59563,"template":"","meta":[],"product_brand":[],"product_cat":[423],"product_tag":[18],"class_list":{"0":"post-47129","1":"product","2":"type-product","3":"status-publish","4":"has-post-thumbnail","6":"product_cat-accesorios_bandoleras","7":"product_tag-adidas","8":"pa_color-unico","9":"pa_talla-unica","10":"thunk-woo-product-list","11":"opn-qv-enable","12":"open-woo-hover-","13":"open-single-product-tab-horizontal","14":"open-shadow-","15":"open-shadow-hover-","17":"first","18":"instock","19":"shipping-taxable","20":"purchasable","21":"product-type-variable"},"jetpack_sharing_enabled":true,"_links":{"self":[{"href":"https:\/\/www.deporteseli.com\/index.php?rest_route=\/wp\/v2\/product\/47129","targetHints":{"allow":["GET"]}}],"collection":[{"href":"https:\/\/www.deporteseli.com\/index.php?rest_route=\/wp\/v2\/product"}],"about":[{"href":"https:\/\/www.deporteseli.com\/index.php?rest_route=\/wp\/v2\/types\/product"}],"wp:featuredmedia":[{"embeddable":true,"href":"https:\/\/www.deporteseli.com\/index.php?rest_route=\/wp\/v2\/media\/59563"}],"wp:attachment":[{"href":"https:\/\/www.deporteseli.com\/index.php?rest_route=%2Fwp%2Fv2%2Fmedia&parent=47129"}],"wp:term":[{"taxonomy":"product_brand","embeddable":true,"href":"https:\/\/www.deporteseli.com\/index.php?rest_route=%2Fwp%2Fv2%2Fproduct_brand&post=47129"},{"taxonomy":"product_cat","embeddable":true,"href":"https:\/\/www.deporteseli.com\/index.php?rest_route=%2Fwp%2Fv2%2Fproduct_cat&post=47129"},{"taxonomy":"product_tag","embeddable":true,"href":"https:\/\/www.deporteseli.com\/index.php?rest_route=%2Fwp%2Fv2%2Fproduct_tag&post=47129"}],"curies":[{"name":"wp","href":"https:\/\/api.w.org\/{rel}","templated":true}]}}