{"id":47124,"date":"2026-01-27T21:31:38","date_gmt":"2026-01-27T21:31:38","guid":{"rendered":"https:\/\/www.deporteseli.com\/?product=calcetines-adidas-jd9568"},"modified":"2026-04-08T04:17:53","modified_gmt":"2026-04-08T04:17:53","slug":"calcetines-adidas-jd9568","status":"publish","type":"product","link":"https:\/\/www.deporteseli.com\/?product=calcetines-adidas-jd9568","title":{"rendered":"CALCETINES ADIDAS JD9568"},"content":{"rendered":"<p>Confort y rendimiento desde la base  Mant\u00e9n los pies frescos y que nada te pare. Estos calcetines de training adidas infunden un toque deportivo a tus actividades diarias. La tecnolog\u00eda CLIMACOOL aleja el sudor de la piel, manteni\u00e9ndola fresca y seca para minimizar las distracciones y optimizar tu rendimiento. Incluyen tres pares por paquete, para que puedas lucirlos cualquier d\u00eda de la semana.    CLIMACOOL te ayuda a gestionar la transpiraci\u00f3n con materiales que expulsan la humedad r\u00e1pidamente. Sus fibras de secado r\u00e1pido te proporcionan una agradable sensaci\u00f3n de frescura.  Medias de f\u00fatbol  56% poli\u00e9ster (reciclado) \/ 40% algod\u00f3n \/ 3% elastano \/ 1% poliamida (reciclada)  Tres pares por paquete  CLIMACOOL  Refuerzo en el arco plantar  Dise\u00f1o acolchado  Color del art\u00edculo: White \/ Grey Two  N\u00famero de art\u00edculo: JD9568                                                                                                                                                                                                                                                                                                                                                                                                                                                                                                                                                                                                                                                                                                                                                                                                                                                                                                                                                                                                                                        <\/p>\n","protected":false},"excerpt":{"rendered":"<p>CALCETINES ADIDAS JD9568<\/p>\n","protected":false},"featured_media":59561,"template":"","meta":[],"product_brand":[],"product_cat":[400],"product_tag":[18],"class_list":{"0":"post-47124","1":"product","2":"type-product","3":"status-publish","4":"has-post-thumbnail","6":"product_cat-accesorios_calcetines","7":"product_tag-adidas","8":"pa_color-unico","9":"pa_talla-l","10":"pa_talla-m","11":"pa_talla-s","12":"pa_talla-xl","13":"thunk-woo-product-list","14":"opn-qv-enable","15":"open-woo-hover-","16":"open-single-product-tab-horizontal","17":"open-shadow-","18":"open-shadow-hover-","20":"first","21":"instock","22":"shipping-taxable","23":"purchasable","24":"product-type-variable"},"jetpack_sharing_enabled":true,"_links":{"self":[{"href":"https:\/\/www.deporteseli.com\/index.php?rest_route=\/wp\/v2\/product\/47124","targetHints":{"allow":["GET"]}}],"collection":[{"href":"https:\/\/www.deporteseli.com\/index.php?rest_route=\/wp\/v2\/product"}],"about":[{"href":"https:\/\/www.deporteseli.com\/index.php?rest_route=\/wp\/v2\/types\/product"}],"wp:featuredmedia":[{"embeddable":true,"href":"https:\/\/www.deporteseli.com\/index.php?rest_route=\/wp\/v2\/media\/59561"}],"wp:attachment":[{"href":"https:\/\/www.deporteseli.com\/index.php?rest_route=%2Fwp%2Fv2%2Fmedia&parent=47124"}],"wp:term":[{"taxonomy":"product_brand","embeddable":true,"href":"https:\/\/www.deporteseli.com\/index.php?rest_route=%2Fwp%2Fv2%2Fproduct_brand&post=47124"},{"taxonomy":"product_cat","embeddable":true,"href":"https:\/\/www.deporteseli.com\/index.php?rest_route=%2Fwp%2Fv2%2Fproduct_cat&post=47124"},{"taxonomy":"product_tag","embeddable":true,"href":"https:\/\/www.deporteseli.com\/index.php?rest_route=%2Fwp%2Fv2%2Fproduct_tag&post=47124"}],"curies":[{"name":"wp","href":"https:\/\/api.w.org\/{rel}","templated":true}]}}