{"id":47116,"date":"2026-01-27T21:31:28","date_gmt":"2026-01-27T21:31:28","guid":{"rendered":"https:\/\/www.deporteseli.com\/?product=pantalon-adidas-kb7305"},"modified":"2026-03-07T06:30:42","modified_gmt":"2026-03-07T06:30:42","slug":"pantalon-adidas-kb7305","status":"publish","type":"product","link":"https:\/\/www.deporteseli.com\/?product=pantalon-adidas-kb7305","title":{"rendered":"PANTALON ADIDAS KB7305"},"content":{"rendered":"<p>Descripci\u00f3n  La comodidad y el estilo van de la mano con este pantal\u00f3n adidas para j\u00f3venes imparables. Se ha confeccionado en un suave tejido de felpa que garantiza la m\u00e1xima calidez, mientras que las llamativas 3 bandas le aportan un toque deportivo. Tanto si sales a tomar un caf\u00e9 como si disfrutas de una tarde de relax en casa, su corte favorecedor te permite moverte con total libertad.  Al elegir materiales reciclados, podemos dar nueva vida a materiales que ya se han utilizado, lo que contribuye a reducir los residuos. La utilizaci\u00f3n de materiales renovables nos ayuda a acabar con nuestra dependencia de los recursos finitos. Nuestros productos fabricados con materiales reciclados y renovables contienen al menos un 70% de estos materiales.                                                                                                                                                                                                                                                                                                                                                                                                                                                                                                                                                                                                                                                                                                                                                                                                                                                                                                                                                                                                                                        <\/p>\n","protected":false},"excerpt":{"rendered":"<p>PANTALON ADIDAS KB7305<\/p>\n","protected":false},"featured_media":59555,"template":"","meta":[],"product_brand":[],"product_cat":[383],"product_tag":[18],"class_list":{"0":"post-47116","1":"product","2":"type-product","3":"status-publish","4":"has-post-thumbnail","6":"product_cat-ninas_textil_pantalones","7":"product_tag-adidas","8":"pa_color-unico","9":"pa_talla-t-12","10":"pa_talla-t-14","11":"thunk-woo-product-list","12":"opn-qv-enable","13":"open-woo-hover-","14":"open-single-product-tab-horizontal","15":"open-shadow-","16":"open-shadow-hover-","18":"first","19":"instock","20":"shipping-taxable","21":"purchasable","22":"product-type-variable"},"jetpack_sharing_enabled":true,"_links":{"self":[{"href":"https:\/\/www.deporteseli.com\/index.php?rest_route=\/wp\/v2\/product\/47116","targetHints":{"allow":["GET"]}}],"collection":[{"href":"https:\/\/www.deporteseli.com\/index.php?rest_route=\/wp\/v2\/product"}],"about":[{"href":"https:\/\/www.deporteseli.com\/index.php?rest_route=\/wp\/v2\/types\/product"}],"wp:featuredmedia":[{"embeddable":true,"href":"https:\/\/www.deporteseli.com\/index.php?rest_route=\/wp\/v2\/media\/59555"}],"wp:attachment":[{"href":"https:\/\/www.deporteseli.com\/index.php?rest_route=%2Fwp%2Fv2%2Fmedia&parent=47116"}],"wp:term":[{"taxonomy":"product_brand","embeddable":true,"href":"https:\/\/www.deporteseli.com\/index.php?rest_route=%2Fwp%2Fv2%2Fproduct_brand&post=47116"},{"taxonomy":"product_cat","embeddable":true,"href":"https:\/\/www.deporteseli.com\/index.php?rest_route=%2Fwp%2Fv2%2Fproduct_cat&post=47116"},{"taxonomy":"product_tag","embeddable":true,"href":"https:\/\/www.deporteseli.com\/index.php?rest_route=%2Fwp%2Fv2%2Fproduct_tag&post=47116"}],"curies":[{"name":"wp","href":"https:\/\/api.w.org\/{rel}","templated":true}]}}