{"id":47103,"date":"2026-01-27T21:31:06","date_gmt":"2026-01-27T21:31:06","guid":{"rendered":"https:\/\/www.deporteseli.com\/?product=chandal-adidas-jx8753"},"modified":"2026-03-07T06:30:30","modified_gmt":"2026-03-07T06:30:30","slug":"chandal-adidas-jx8753","status":"publish","type":"product","link":"https:\/\/www.deporteseli.com\/?product=chandal-adidas-jx8753","title":{"rendered":"CHANDAL ADIDAS JX8753"},"content":{"rendered":"<p>Descripci\u00f3n  Este ch\u00e1ndal adidas est\u00e1 pensado para los peques que no paran quietos. Su tejido de punto y los pu\u00f1os de canal\u00e9 ayudan a que el pantal\u00f3n y la chaqueta permanezcan en su sitio mientras corren y saltan. Las 3 bandas distintivas en brazos y piernas dan a este conjunto un look deportivo. CLIMACOOL aleja el sudor de la piel, manteni\u00e9ndola seca para minimizar las distracciones y optimizar tu rendimiento.  CLIMACOOL ayuda a los ni\u00f1os a olvidarse del sudor con materiales que expulsan la humedad r\u00e1pidamente. Sus fibras de secado r\u00e1pido te proporcionan una agradable sensaci\u00f3n de frescura.                                                                                                                                                                                                                                                                                                                                                                                                                                                                                                                                                                                                                                                                                                                                                                                                                                                                                                                                                                                                                                        <\/p>\n","protected":false},"excerpt":{"rendered":"<p>CHANDAL ADIDAS JX8753<\/p>\n","protected":false},"featured_media":59546,"template":"","meta":[],"product_brand":[],"product_cat":[298],"product_tag":[18],"class_list":{"0":"post-47103","1":"product","2":"type-product","3":"status-publish","4":"has-post-thumbnail","6":"product_cat-nino_textil_chandals","7":"product_tag-adidas","8":"pa_color-unico","9":"pa_talla-171","10":"pa_talla-t-4","11":"thunk-woo-product-list","12":"opn-qv-enable","13":"open-woo-hover-","14":"open-single-product-tab-horizontal","15":"open-shadow-","16":"open-shadow-hover-","18":"first","19":"instock","20":"shipping-taxable","21":"purchasable","22":"product-type-variable"},"jetpack_sharing_enabled":true,"_links":{"self":[{"href":"https:\/\/www.deporteseli.com\/index.php?rest_route=\/wp\/v2\/product\/47103","targetHints":{"allow":["GET"]}}],"collection":[{"href":"https:\/\/www.deporteseli.com\/index.php?rest_route=\/wp\/v2\/product"}],"about":[{"href":"https:\/\/www.deporteseli.com\/index.php?rest_route=\/wp\/v2\/types\/product"}],"wp:featuredmedia":[{"embeddable":true,"href":"https:\/\/www.deporteseli.com\/index.php?rest_route=\/wp\/v2\/media\/59546"}],"wp:attachment":[{"href":"https:\/\/www.deporteseli.com\/index.php?rest_route=%2Fwp%2Fv2%2Fmedia&parent=47103"}],"wp:term":[{"taxonomy":"product_brand","embeddable":true,"href":"https:\/\/www.deporteseli.com\/index.php?rest_route=%2Fwp%2Fv2%2Fproduct_brand&post=47103"},{"taxonomy":"product_cat","embeddable":true,"href":"https:\/\/www.deporteseli.com\/index.php?rest_route=%2Fwp%2Fv2%2Fproduct_cat&post=47103"},{"taxonomy":"product_tag","embeddable":true,"href":"https:\/\/www.deporteseli.com\/index.php?rest_route=%2Fwp%2Fv2%2Fproduct_tag&post=47103"}],"curies":[{"name":"wp","href":"https:\/\/api.w.org\/{rel}","templated":true}]}}