{"id":47099,"date":"2026-01-27T21:30:59","date_gmt":"2026-01-27T21:30:59","guid":{"rendered":"https:\/\/www.deporteseli.com\/?product=top-adidas-jx3925"},"modified":"2026-03-07T06:30:27","modified_gmt":"2026-03-07T06:30:27","slug":"top-adidas-jx3925","status":"publish","type":"product","link":"https:\/\/www.deporteseli.com\/?product=top-adidas-jx3925","title":{"rendered":"TOP ADIDAS JX3925"},"content":{"rendered":"<p>Descripci\u00f3n  Esta camiseta tipo sujetador es esencial para el d\u00eda a d\u00eda. Est\u00e1 confeccionada con un algod\u00f3n suave y muy el\u00e1stico, que se ajusta al cuerpo, para que dispongas de una sujeci\u00f3n ligera y comodidad durante todo el d\u00eda. Es perfecta para llevar como capa bajo una camiseta holgada, o para vestirla sin nada m\u00e1s con mallas de talle alto. El logotipo lineal moderno aporta un toque deportivo.                                                                                                                                                                                                                                                                                                                                                                                                                                                                                                                                                                                                                                                                                                                                                                                                                                                                                                                                                                                                                                        <\/p>\n","protected":false},"excerpt":{"rendered":"<p>TOP ADIDAS JX3925<\/p>\n","protected":false},"featured_media":59543,"template":"","meta":[],"product_brand":[],"product_cat":[376],"product_tag":[18],"class_list":{"0":"post-47099","1":"product","2":"type-product","3":"status-publish","4":"has-post-thumbnail","6":"product_cat-ninas_textil_camisetas","7":"product_tag-adidas","8":"pa_color-unico","9":"pa_talla-t-12","10":"pa_talla-t-14","11":"pa_talla-t-16","12":"thunk-woo-product-list","13":"opn-qv-enable","14":"open-woo-hover-","15":"open-single-product-tab-horizontal","16":"open-shadow-","17":"open-shadow-hover-","19":"first","20":"instock","21":"shipping-taxable","22":"purchasable","23":"product-type-variable"},"jetpack_sharing_enabled":true,"_links":{"self":[{"href":"https:\/\/www.deporteseli.com\/index.php?rest_route=\/wp\/v2\/product\/47099","targetHints":{"allow":["GET"]}}],"collection":[{"href":"https:\/\/www.deporteseli.com\/index.php?rest_route=\/wp\/v2\/product"}],"about":[{"href":"https:\/\/www.deporteseli.com\/index.php?rest_route=\/wp\/v2\/types\/product"}],"wp:featuredmedia":[{"embeddable":true,"href":"https:\/\/www.deporteseli.com\/index.php?rest_route=\/wp\/v2\/media\/59543"}],"wp:attachment":[{"href":"https:\/\/www.deporteseli.com\/index.php?rest_route=%2Fwp%2Fv2%2Fmedia&parent=47099"}],"wp:term":[{"taxonomy":"product_brand","embeddable":true,"href":"https:\/\/www.deporteseli.com\/index.php?rest_route=%2Fwp%2Fv2%2Fproduct_brand&post=47099"},{"taxonomy":"product_cat","embeddable":true,"href":"https:\/\/www.deporteseli.com\/index.php?rest_route=%2Fwp%2Fv2%2Fproduct_cat&post=47099"},{"taxonomy":"product_tag","embeddable":true,"href":"https:\/\/www.deporteseli.com\/index.php?rest_route=%2Fwp%2Fv2%2Fproduct_tag&post=47099"}],"curies":[{"name":"wp","href":"https:\/\/api.w.org\/{rel}","templated":true}]}}