{"id":47087,"date":"2026-01-27T21:30:37","date_gmt":"2026-01-27T21:30:37","guid":{"rendered":"https:\/\/www.deporteseli.com\/?product=pantalon-adidas-jv7319"},"modified":"2026-03-07T06:30:18","modified_gmt":"2026-03-07T06:30:18","slug":"pantalon-adidas-jv7319","status":"publish","type":"product","link":"https:\/\/www.deporteseli.com\/?product=pantalon-adidas-jv7319","title":{"rendered":"PANTALON ADIDAS JV7319"},"content":{"rendered":"<p>Descripci\u00f3n  Estas mallas para j\u00f3venes deportistas se han dise\u00f1ado para moverse contigo. Su tejido de punto de algod\u00f3n te ofrece una comodidad excepcional durante todo el d\u00eda, mientras que las 3 bandas en los laterales le aportan un toque cl\u00e1sico. Comb\u00ednalas con una camiseta oversize o una sudadera y sal a la calle presumiendo de estilo.  Al elegir materiales reciclados, podemos dar nueva vida a materiales que ya se han utilizado, lo que contribuye a reducir los residuos. La utilizaci\u00f3n de materiales renovables nos ayuda a acabar con nuestra dependencia de los recursos finitos. Nuestros productos fabricados con materiales reciclados y renovables contienen al menos un 70% de estos materiales.                                                                                                                                                                                                                                                                                                                                                                                                                                                                                                                                                                                                                                                                                                                                                                                                                                                                                                                                                                                                                                        <\/p>\n","protected":false},"excerpt":{"rendered":"<p>PANTALON ADIDAS JV7319<\/p>\n","protected":false},"featured_media":59539,"template":"","meta":[],"product_brand":[],"product_cat":[386],"product_tag":[18],"class_list":{"0":"post-47087","1":"product","2":"type-product","3":"status-publish","4":"has-post-thumbnail","6":"product_cat-ninas_textil_mallas","7":"product_tag-adidas","8":"pa_color-unico","9":"pa_talla-t-10","10":"pa_talla-t-12","11":"pa_talla-t-14","12":"pa_talla-t-16","13":"pa_talla-t-8","14":"thunk-woo-product-list","15":"opn-qv-enable","16":"open-woo-hover-","17":"open-single-product-tab-horizontal","18":"open-shadow-","19":"open-shadow-hover-","21":"first","22":"instock","23":"shipping-taxable","24":"purchasable","25":"product-type-variable"},"jetpack_sharing_enabled":true,"_links":{"self":[{"href":"https:\/\/www.deporteseli.com\/index.php?rest_route=\/wp\/v2\/product\/47087","targetHints":{"allow":["GET"]}}],"collection":[{"href":"https:\/\/www.deporteseli.com\/index.php?rest_route=\/wp\/v2\/product"}],"about":[{"href":"https:\/\/www.deporteseli.com\/index.php?rest_route=\/wp\/v2\/types\/product"}],"wp:featuredmedia":[{"embeddable":true,"href":"https:\/\/www.deporteseli.com\/index.php?rest_route=\/wp\/v2\/media\/59539"}],"wp:attachment":[{"href":"https:\/\/www.deporteseli.com\/index.php?rest_route=%2Fwp%2Fv2%2Fmedia&parent=47087"}],"wp:term":[{"taxonomy":"product_brand","embeddable":true,"href":"https:\/\/www.deporteseli.com\/index.php?rest_route=%2Fwp%2Fv2%2Fproduct_brand&post=47087"},{"taxonomy":"product_cat","embeddable":true,"href":"https:\/\/www.deporteseli.com\/index.php?rest_route=%2Fwp%2Fv2%2Fproduct_cat&post=47087"},{"taxonomy":"product_tag","embeddable":true,"href":"https:\/\/www.deporteseli.com\/index.php?rest_route=%2Fwp%2Fv2%2Fproduct_tag&post=47087"}],"curies":[{"name":"wp","href":"https:\/\/api.w.org\/{rel}","templated":true}]}}