{"id":47071,"date":"2026-01-27T21:30:09","date_gmt":"2026-01-27T21:30:09","guid":{"rendered":"https:\/\/www.deporteseli.com\/?product=camisa-adidas-jd6488-25-2"},"modified":"2026-03-07T06:30:02","modified_gmt":"2026-03-07T06:30:02","slug":"camisa-adidas-jd6488-25-2","status":"publish","type":"product","link":"https:\/\/www.deporteseli.com\/?product=camisa-adidas-jd6488-25-2","title":{"rendered":"CAMISA ADIDAS JD6488\/25.2"},"content":{"rendered":"<p>Perfecta para cualquier ocasi\u00f3n  Esta camiseta adidas para j\u00f3venes imparables presenta un dise\u00f1o informal y vers\u00e1til que la convertir\u00e1 en una prenda imprescindible en tu d\u00eda a d\u00eda. Su tejido suave y su corte cl\u00e1sico te ofrecen una comodidad excelente, ya sea para salir a hacer recados o quedar con tus amigos. Las emblem\u00e1ticas 3 bandas y el logotipo bordado completan el look.  Corte cl\u00e1sico  Cuello redondo  100% algod\u00f3n  Color del art\u00edculo: White \/ Black  N\u00famero de art\u00edculo: JD6488                                                                                                                                                                                                                                                                                                                                                                                                                                                                                                                                                                                                                                                                                                                                                                                                                                                                                                                                                                                                                                        <\/p>\n","protected":false},"excerpt":{"rendered":"<p>CAMISA ADIDAS JD6488\/25.2<\/p>\n","protected":false},"featured_media":59534,"template":"","meta":[],"product_brand":[],"product_cat":[296],"product_tag":[18],"class_list":{"0":"post-47071","1":"product","2":"type-product","3":"status-publish","4":"has-post-thumbnail","6":"product_cat-nino_textil_camisetas","7":"product_tag-adidas","8":"pa_color-unico","9":"pa_talla-t-10","10":"pa_talla-t-12","11":"pa_talla-t-14","12":"pa_talla-t-16","13":"pa_talla-t-8","14":"thunk-woo-product-list","15":"opn-qv-enable","16":"open-woo-hover-","17":"open-single-product-tab-horizontal","18":"open-shadow-","19":"open-shadow-hover-","21":"first","22":"instock","23":"shipping-taxable","24":"purchasable","25":"product-type-variable"},"jetpack_sharing_enabled":true,"_links":{"self":[{"href":"https:\/\/www.deporteseli.com\/index.php?rest_route=\/wp\/v2\/product\/47071","targetHints":{"allow":["GET"]}}],"collection":[{"href":"https:\/\/www.deporteseli.com\/index.php?rest_route=\/wp\/v2\/product"}],"about":[{"href":"https:\/\/www.deporteseli.com\/index.php?rest_route=\/wp\/v2\/types\/product"}],"wp:featuredmedia":[{"embeddable":true,"href":"https:\/\/www.deporteseli.com\/index.php?rest_route=\/wp\/v2\/media\/59534"}],"wp:attachment":[{"href":"https:\/\/www.deporteseli.com\/index.php?rest_route=%2Fwp%2Fv2%2Fmedia&parent=47071"}],"wp:term":[{"taxonomy":"product_brand","embeddable":true,"href":"https:\/\/www.deporteseli.com\/index.php?rest_route=%2Fwp%2Fv2%2Fproduct_brand&post=47071"},{"taxonomy":"product_cat","embeddable":true,"href":"https:\/\/www.deporteseli.com\/index.php?rest_route=%2Fwp%2Fv2%2Fproduct_cat&post=47071"},{"taxonomy":"product_tag","embeddable":true,"href":"https:\/\/www.deporteseli.com\/index.php?rest_route=%2Fwp%2Fv2%2Fproduct_tag&post=47071"}],"curies":[{"name":"wp","href":"https:\/\/api.w.org\/{rel}","templated":true}]}}