{"id":47067,"date":"2026-01-27T21:30:03","date_gmt":"2026-01-27T21:30:03","guid":{"rendered":"https:\/\/www.deporteseli.com\/?product=banador-adidas-hr7477"},"modified":"2026-01-27T21:30:08","modified_gmt":"2026-01-27T21:30:08","slug":"banador-adidas-hr7477","status":"publish","type":"product","link":"https:\/\/www.deporteseli.com\/?product=banador-adidas-hr7477","title":{"rendered":"BA\u00f1ADOR ADIDAS HR7477"},"content":{"rendered":"<p>Comodidad para tus actividades acu\u00e1ticas  Este ba\u00f1ador adidas para j\u00f3venes nadadoras es perfecto para entrenar en equipo o cualquier actividad en la piscina. Su dise\u00f1o forrado confeccionado en un tejido suave y resistente al cloro te brinda una cobertura total. Su corte deportivo te permite moverte con total libertad.    Esta prenda se ha confeccionado con hilo ECONYL\u00ae reciclado y resistente al cloro.  Corte cl\u00e1sico  Tirantes cruzados en la espalda  78% nailon (reciclado) \/ 22% elast\u00e1n  Forro de punto  Tejido Infinitex Fitness Eco resistente al cloro  Pernera de corte medio  Tejido ultraplano y suave  Espalda con escote medio  Color del art\u00edculo: Black \/ White  N\u00famero de art\u00edculo: HR7477                                                                                                                                                                                                                                                                                                                                                                                                                                                                                                                                                                                                                                                                                                                                                                                                                                                                                                                                                                                                                                        <\/p>\n","protected":false},"excerpt":{"rendered":"<p>BA\u00f1ADOR ADIDAS HR7477<\/p>\n","protected":false},"featured_media":59531,"template":"","meta":[],"product_brand":[],"product_cat":[377],"product_tag":[18],"class_list":{"0":"post-47067","1":"product","2":"type-product","3":"status-publish","4":"has-post-thumbnail","6":"product_cat-ninas_textil_banadores","7":"product_tag-adidas","8":"pa_color-unico","9":"pa_talla-t-10","10":"pa_talla-t-12","11":"pa_talla-t-8","12":"thunk-woo-product-list","13":"opn-qv-enable","14":"open-woo-hover-","15":"open-single-product-tab-horizontal","16":"open-shadow-","17":"open-shadow-hover-","19":"first","20":"instock","21":"shipping-taxable","22":"purchasable","23":"product-type-variable"},"jetpack_sharing_enabled":true,"_links":{"self":[{"href":"https:\/\/www.deporteseli.com\/index.php?rest_route=\/wp\/v2\/product\/47067","targetHints":{"allow":["GET"]}}],"collection":[{"href":"https:\/\/www.deporteseli.com\/index.php?rest_route=\/wp\/v2\/product"}],"about":[{"href":"https:\/\/www.deporteseli.com\/index.php?rest_route=\/wp\/v2\/types\/product"}],"wp:featuredmedia":[{"embeddable":true,"href":"https:\/\/www.deporteseli.com\/index.php?rest_route=\/wp\/v2\/media\/59531"}],"wp:attachment":[{"href":"https:\/\/www.deporteseli.com\/index.php?rest_route=%2Fwp%2Fv2%2Fmedia&parent=47067"}],"wp:term":[{"taxonomy":"product_brand","embeddable":true,"href":"https:\/\/www.deporteseli.com\/index.php?rest_route=%2Fwp%2Fv2%2Fproduct_brand&post=47067"},{"taxonomy":"product_cat","embeddable":true,"href":"https:\/\/www.deporteseli.com\/index.php?rest_route=%2Fwp%2Fv2%2Fproduct_cat&post=47067"},{"taxonomy":"product_tag","embeddable":true,"href":"https:\/\/www.deporteseli.com\/index.php?rest_route=%2Fwp%2Fv2%2Fproduct_tag&post=47067"}],"curies":[{"name":"wp","href":"https:\/\/api.w.org\/{rel}","templated":true}]}}