{"id":47025,"date":"2026-01-27T21:28:59","date_gmt":"2026-01-27T21:28:59","guid":{"rendered":"https:\/\/www.deporteseli.com\/?product=sudadera-bullpadel-boyen-negro"},"modified":"2026-03-28T05:20:47","modified_gmt":"2026-03-28T05:20:47","slug":"sudadera-bullpadel-boyen-negro","status":"publish","type":"product","link":"https:\/\/www.deporteseli.com\/?product=sudadera-bullpadel-boyen-negro","title":{"rendered":"SUDADERA BULLPADEL BOYEN NEGRO"},"content":{"rendered":"<p>Ideal para mantenerte abrigado antes y despu\u00e9s del partido, esta sudadera combina confort y estilo. Una prenda pensada para elevar tu rendimiento en la pista sin renunciar al estilo. Dise\u00f1ada para acompa\u00f1arte en cada movimiento con la m\u00e1xima comodidad, su construcci\u00f3n t\u00e9cnica y detalles funcionales marcan la diferencia partido tras partido. Ideal para mantener el calor en tus momentos de descanso o calentamiento.    Disfruta del confort total con esta sudadera con capucha, dise\u00f1ada para acompa\u00f1arte dentro y fuera de la pista. Con un bolsillo tipo canguro para mayor practicidad y detalles cuidados como el grabado en el pecho, el cord\u00f3n personalizado y la etiqueta de goma, es una prenda que combina estilo y funcionalidad. Ideal para quienes buscan diferenciarse tambi\u00e9n en estilo.                                                                                                                                                                                                                                                                                                                                                                                                                                                                                                                                                                                                                                                                                                                                                                                                                                                                                                                                                                                                                                        <\/p>\n","protected":false},"excerpt":{"rendered":"<p>SUDADERA BULLPADEL BOYEN NEGRO<\/p>\n","protected":false},"featured_media":59494,"template":"","meta":[],"product_brand":[],"product_cat":[368],"product_tag":[21],"class_list":{"0":"post-47025","1":"product","2":"type-product","3":"status-publish","4":"has-post-thumbnail","6":"product_cat-padel_y_tenis_textil_sudaderas","7":"product_tag-bull_padel","8":"pa_color-unico","9":"pa_talla-l","10":"pa_talla-m","11":"pa_talla-s","12":"pa_talla-xl","13":"thunk-woo-product-list","14":"opn-qv-enable","15":"open-woo-hover-","16":"open-single-product-tab-horizontal","17":"open-shadow-","18":"open-shadow-hover-","20":"first","21":"instock","22":"shipping-taxable","23":"purchasable","24":"product-type-variable"},"jetpack_sharing_enabled":true,"_links":{"self":[{"href":"https:\/\/www.deporteseli.com\/index.php?rest_route=\/wp\/v2\/product\/47025","targetHints":{"allow":["GET"]}}],"collection":[{"href":"https:\/\/www.deporteseli.com\/index.php?rest_route=\/wp\/v2\/product"}],"about":[{"href":"https:\/\/www.deporteseli.com\/index.php?rest_route=\/wp\/v2\/types\/product"}],"wp:featuredmedia":[{"embeddable":true,"href":"https:\/\/www.deporteseli.com\/index.php?rest_route=\/wp\/v2\/media\/59494"}],"wp:attachment":[{"href":"https:\/\/www.deporteseli.com\/index.php?rest_route=%2Fwp%2Fv2%2Fmedia&parent=47025"}],"wp:term":[{"taxonomy":"product_brand","embeddable":true,"href":"https:\/\/www.deporteseli.com\/index.php?rest_route=%2Fwp%2Fv2%2Fproduct_brand&post=47025"},{"taxonomy":"product_cat","embeddable":true,"href":"https:\/\/www.deporteseli.com\/index.php?rest_route=%2Fwp%2Fv2%2Fproduct_cat&post=47025"},{"taxonomy":"product_tag","embeddable":true,"href":"https:\/\/www.deporteseli.com\/index.php?rest_route=%2Fwp%2Fv2%2Fproduct_tag&post=47025"}],"curies":[{"name":"wp","href":"https:\/\/api.w.org\/{rel}","templated":true}]}}