{"id":47023,"date":"2026-01-27T21:28:57","date_gmt":"2026-01-27T21:28:57","guid":{"rendered":"https:\/\/www.deporteseli.com\/?product=pala-bullpadel-pearl-26"},"modified":"2026-04-12T04:17:39","modified_gmt":"2026-04-12T04:17:39","slug":"pala-bullpadel-pearl-26","status":"publish","type":"product","link":"https:\/\/www.deporteseli.com\/?product=pala-bullpadel-pearl-26","title":{"rendered":"PALA BULLPADEL PEARL 26"},"content":{"rendered":"<p>Presentamos la nueva Pala Bullpadel Pearl, la pala de Bea Gonz\u00e1lez, con la que descubrir\u00e1s lo que significa jugar con potencia sin esfuerzo. Porque no se trata solo de golpear fuerte, sino de hacerlo con naturalidad, soltura y confianza.    Dise\u00f1ada para jugadoras que, como Bea, combinan potencia, agilidad y desparpajo en la pista, Pearl responde con una velocidad incre\u00edble y un tacto c\u00f3modo desde el primer golpe. Su dise\u00f1o aerodin\u00e1mico y su n\u00facleo reactivo permiten una aceleraci\u00f3n explosiva sin perder el control. Desarrollada por el equipo Bullpadel-Lab, Pearl integra lo \u00faltimo en tecnolog\u00eda para ofrecerte esa sensaci\u00f3n \u00fanica de potencia accesible y juego fluido. Desde el primer intercambio, entender\u00e1s lo que es el Easy Power: potencia real, sin esfuerzo.    Quer\u00edas una pala que responda como t\u00fa. Bea ya la tiene. Ahora es tu turno.    Tecnolog\u00edas: Trinamic, Air React Channel, Custom Weight, Vibradrive, Multieva, Fibrix.    Especificaciones T\u00e9cnicas     Peso: 355-365 gramos     Perfil: 38 mm     Balance: \u02dc 26    Superficie de juego: 531 cm2    Forma: Diamante     Composici\u00f3n Exterior: Fibrix     Composici\u00f3n Interior: Multieva     Acabado rugoso: Tipo 3D    Nivel: Avanzado     Ideal para: Mejorar tu ataque                                                                                                                                                                                                                                                                                                                                                                                                                                                                                                                                                                                                                                                                                                                                                                                                                                                                                                                                                                                                                                        <\/p>\n","protected":false},"excerpt":{"rendered":"<p>PALA BULLPADEL PEARL 26<\/p>\n","protected":false},"featured_media":59489,"template":"","meta":[],"product_brand":[],"product_cat":[353],"product_tag":[21],"class_list":{"0":"post-47023","1":"product","2":"type-product","3":"status-publish","4":"has-post-thumbnail","6":"product_cat-padel_y_tenis_palas","7":"product_tag-bull_padel","8":"pa_color-unico","9":"pa_talla-unica","10":"thunk-woo-product-list","11":"opn-qv-enable","12":"open-woo-hover-","13":"open-single-product-tab-horizontal","14":"open-shadow-","15":"open-shadow-hover-","17":"first","18":"instock","19":"sale","20":"shipping-taxable","21":"purchasable","22":"product-type-variable"},"jetpack_sharing_enabled":true,"_links":{"self":[{"href":"https:\/\/www.deporteseli.com\/index.php?rest_route=\/wp\/v2\/product\/47023","targetHints":{"allow":["GET"]}}],"collection":[{"href":"https:\/\/www.deporteseli.com\/index.php?rest_route=\/wp\/v2\/product"}],"about":[{"href":"https:\/\/www.deporteseli.com\/index.php?rest_route=\/wp\/v2\/types\/product"}],"wp:featuredmedia":[{"embeddable":true,"href":"https:\/\/www.deporteseli.com\/index.php?rest_route=\/wp\/v2\/media\/59489"}],"wp:attachment":[{"href":"https:\/\/www.deporteseli.com\/index.php?rest_route=%2Fwp%2Fv2%2Fmedia&parent=47023"}],"wp:term":[{"taxonomy":"product_brand","embeddable":true,"href":"https:\/\/www.deporteseli.com\/index.php?rest_route=%2Fwp%2Fv2%2Fproduct_brand&post=47023"},{"taxonomy":"product_cat","embeddable":true,"href":"https:\/\/www.deporteseli.com\/index.php?rest_route=%2Fwp%2Fv2%2Fproduct_cat&post=47023"},{"taxonomy":"product_tag","embeddable":true,"href":"https:\/\/www.deporteseli.com\/index.php?rest_route=%2Fwp%2Fv2%2Fproduct_tag&post=47023"}],"curies":[{"name":"wp","href":"https:\/\/api.w.org\/{rel}","templated":true}]}}