{"id":46981,"date":"2026-01-27T21:28:05","date_gmt":"2026-01-27T21:28:05","guid":{"rendered":"https:\/\/www.deporteseli.com\/?product=tenis-adidas-jq3037"},"modified":"2026-02-17T05:18:55","modified_gmt":"2026-02-17T05:18:55","slug":"tenis-adidas-jq3037","status":"publish","type":"product","link":"https:\/\/www.deporteseli.com\/?product=tenis-adidas-jq3037","title":{"rendered":"TENIS ADIDAS JQ3037"},"content":{"rendered":"<p>Descripci\u00f3n  Un dise\u00f1o cl\u00e1sico y elegante nunca pasa de moda. Esta zapatilla adidas combina un empeine de piel sint\u00e9tica suave con la tradicional puntera en forma de T. La suela de goma cosida y las 3 bandas en contraste le aportan el toque deportivo final.  Este producto contiene al menos un 20 % de materiales reciclados. Al reutilizar materiales reciclados, reducimos los residuos, nuestra dependencia de los recursos finitos y la huella que generan los productos que fabricamos.                                                                                                                                                                                                                                                                                                                                                                                                                                                                                                                                                                                                                                                                                                                                                                                                                                                                                                                                                                                                                                        <\/p>\n","protected":false},"excerpt":{"rendered":"<p>TENIS ADIDAS JQ3037<\/p>\n","protected":false},"featured_media":59484,"template":"","meta":[],"product_brand":[],"product_cat":[261],"product_tag":[18],"class_list":{"0":"post-46981","1":"product","2":"type-product","3":"status-publish","4":"has-post-thumbnail","6":"product_cat-hombre_calzado_casual","7":"product_tag-adidas","8":"pa_color-unico","9":"pa_talla-153","10":"pa_talla-42-5","11":"pa_talla-157","12":"pa_talla-44-5","13":"pa_talla-45-5","14":"pa_talla-161","15":"thunk-woo-product-list","16":"opn-qv-enable","17":"open-woo-hover-","18":"open-single-product-tab-horizontal","19":"open-shadow-","20":"open-shadow-hover-","22":"first","23":"instock","24":"sale","25":"shipping-taxable","26":"purchasable","27":"product-type-variable"},"jetpack_sharing_enabled":true,"_links":{"self":[{"href":"https:\/\/www.deporteseli.com\/index.php?rest_route=\/wp\/v2\/product\/46981","targetHints":{"allow":["GET"]}}],"collection":[{"href":"https:\/\/www.deporteseli.com\/index.php?rest_route=\/wp\/v2\/product"}],"about":[{"href":"https:\/\/www.deporteseli.com\/index.php?rest_route=\/wp\/v2\/types\/product"}],"wp:featuredmedia":[{"embeddable":true,"href":"https:\/\/www.deporteseli.com\/index.php?rest_route=\/wp\/v2\/media\/59484"}],"wp:attachment":[{"href":"https:\/\/www.deporteseli.com\/index.php?rest_route=%2Fwp%2Fv2%2Fmedia&parent=46981"}],"wp:term":[{"taxonomy":"product_brand","embeddable":true,"href":"https:\/\/www.deporteseli.com\/index.php?rest_route=%2Fwp%2Fv2%2Fproduct_brand&post=46981"},{"taxonomy":"product_cat","embeddable":true,"href":"https:\/\/www.deporteseli.com\/index.php?rest_route=%2Fwp%2Fv2%2Fproduct_cat&post=46981"},{"taxonomy":"product_tag","embeddable":true,"href":"https:\/\/www.deporteseli.com\/index.php?rest_route=%2Fwp%2Fv2%2Fproduct_tag&post=46981"}],"curies":[{"name":"wp","href":"https:\/\/api.w.org\/{rel}","templated":true}]}}