{"id":46964,"date":"2026-01-27T21:27:45","date_gmt":"2026-01-27T21:27:45","guid":{"rendered":"https:\/\/www.deporteseli.com\/?product=banador-adidas-je4419"},"modified":"2026-01-27T21:27:50","modified_gmt":"2026-01-27T21:27:50","slug":"banador-adidas-je4419","status":"publish","type":"product","link":"https:\/\/www.deporteseli.com\/?product=banador-adidas-je4419","title":{"rendered":"BA\u00f1ADOR ADIDAS JE4419"},"content":{"rendered":"<p>Traje de ba\u00f1o con espalda en X y bloques de color para ni\u00f1os  Un traje de ba\u00f1o divertido y moderno fabricado en parte con materiales reciclados.  Ya sea chapoteando en las olas o construyendo castillos de arena, los ni\u00f1os estar\u00e1n listos para la diversi\u00f3n playera con este ba\u00f1ador adidas. El tejido de tricot el\u00e1stico es resistente al cloro y se mueve con ellos mientras juegan. Los tirantes ajustables ofrecen un ajuste seguro y un corte frontal le da un toque divertido. Este producto est\u00e1 fabricado con al menos un 70 % de materiales reciclados. Al reutilizar materiales ya creados, contribuimos a reducir los residuos y nuestra dependencia de recursos finitos, as\u00ed como la huella ecol\u00f3gica de los productos que fabricamos.  Ajuste ce\u00f1ido  Espalda en X con tirantes ajustables  78% poli\u00e9ster (reciclado), 22% elastano  Infinitex  Totalmente forrado  Soporte ligero  Acolchado extra\u00edble  Bloques de color  C\u00f3digo de producto: JE4419                                                                                                                                                                                                                                                                                                                                                                                                                                                                                                                                                                                                                                                                                                                                                                                                                                                                                                                                                                                                                                        <\/p>\n","protected":false},"excerpt":{"rendered":"<p>BA\u00f1ADOR ADIDAS JE4419<\/p>\n","protected":false},"featured_media":59471,"template":"","meta":[],"product_brand":[],"product_cat":[377],"product_tag":[18],"class_list":{"0":"post-46964","1":"product","2":"type-product","3":"status-publish","4":"has-post-thumbnail","6":"product_cat-ninas_textil_banadores","7":"product_tag-adidas","8":"pa_color-unico","9":"pa_talla-t-12","10":"pa_talla-t-14","11":"pa_talla-t-16","12":"pa_talla-t-6","13":"pa_talla-t-8","14":"thunk-woo-product-list","15":"opn-qv-enable","16":"open-woo-hover-","17":"open-single-product-tab-horizontal","18":"open-shadow-","19":"open-shadow-hover-","21":"first","22":"instock","23":"shipping-taxable","24":"purchasable","25":"product-type-variable"},"jetpack_sharing_enabled":true,"_links":{"self":[{"href":"https:\/\/www.deporteseli.com\/index.php?rest_route=\/wp\/v2\/product\/46964","targetHints":{"allow":["GET"]}}],"collection":[{"href":"https:\/\/www.deporteseli.com\/index.php?rest_route=\/wp\/v2\/product"}],"about":[{"href":"https:\/\/www.deporteseli.com\/index.php?rest_route=\/wp\/v2\/types\/product"}],"wp:featuredmedia":[{"embeddable":true,"href":"https:\/\/www.deporteseli.com\/index.php?rest_route=\/wp\/v2\/media\/59471"}],"wp:attachment":[{"href":"https:\/\/www.deporteseli.com\/index.php?rest_route=%2Fwp%2Fv2%2Fmedia&parent=46964"}],"wp:term":[{"taxonomy":"product_brand","embeddable":true,"href":"https:\/\/www.deporteseli.com\/index.php?rest_route=%2Fwp%2Fv2%2Fproduct_brand&post=46964"},{"taxonomy":"product_cat","embeddable":true,"href":"https:\/\/www.deporteseli.com\/index.php?rest_route=%2Fwp%2Fv2%2Fproduct_cat&post=46964"},{"taxonomy":"product_tag","embeddable":true,"href":"https:\/\/www.deporteseli.com\/index.php?rest_route=%2Fwp%2Fv2%2Fproduct_tag&post=46964"}],"curies":[{"name":"wp","href":"https:\/\/api.w.org\/{rel}","templated":true}]}}