{"id":46958,"date":"2026-01-27T21:27:36","date_gmt":"2026-01-27T21:27:36","guid":{"rendered":"https:\/\/www.deporteseli.com\/?product=camisa-adidas-jc9718"},"modified":"2026-03-07T06:29:08","modified_gmt":"2026-03-07T06:29:08","slug":"camisa-adidas-jc9718","status":"publish","type":"product","link":"https:\/\/www.deporteseli.com\/?product=camisa-adidas-jc9718","title":{"rendered":"CAMISA ADIDAS JC9718"},"content":{"rendered":"<p>Camiseta Essentials para ni\u00f1os  Una camiseta totalmente de algod\u00f3n para ni\u00f1os activos.  Esta camiseta adidas para ni\u00f1os los mantiene c\u00f3modos en cualquier momento del d\u00eda. Ya sea que jueguen con amigos o se relajen en casa, esta suave camiseta es una prenda indispensable. El gran logotipo de 3 barras resalta su lado deportivo.  Ajuste regular  Cuello redondo  100% algod\u00f3n  C\u00f3digo de producto: JC9718                                                                                                                                                                                                                                                                                                                                                                                                                                                                                                                                                                                                                                                                                                                                                                                                                                                                                                                                                                                                                                        <\/p>\n","protected":false},"excerpt":{"rendered":"<p>CAMISA ADIDAS JC9718<\/p>\n","protected":false},"featured_media":59469,"template":"","meta":[],"product_brand":[],"product_cat":[376],"product_tag":[18],"class_list":{"0":"post-46958","1":"product","2":"type-product","3":"status-publish","4":"has-post-thumbnail","6":"product_cat-ninas_textil_camisetas","7":"product_tag-adidas","8":"pa_color-unico","9":"pa_talla-169","10":"pa_talla-171","11":"pa_talla-t-4","12":"pa_talla-t-6","13":"pa_talla-t-8","14":"thunk-woo-product-list","15":"opn-qv-enable","16":"open-woo-hover-","17":"open-single-product-tab-horizontal","18":"open-shadow-","19":"open-shadow-hover-","21":"first","22":"instock","23":"shipping-taxable","24":"purchasable","25":"product-type-variable"},"jetpack_sharing_enabled":true,"_links":{"self":[{"href":"https:\/\/www.deporteseli.com\/index.php?rest_route=\/wp\/v2\/product\/46958","targetHints":{"allow":["GET"]}}],"collection":[{"href":"https:\/\/www.deporteseli.com\/index.php?rest_route=\/wp\/v2\/product"}],"about":[{"href":"https:\/\/www.deporteseli.com\/index.php?rest_route=\/wp\/v2\/types\/product"}],"wp:featuredmedia":[{"embeddable":true,"href":"https:\/\/www.deporteseli.com\/index.php?rest_route=\/wp\/v2\/media\/59469"}],"wp:attachment":[{"href":"https:\/\/www.deporteseli.com\/index.php?rest_route=%2Fwp%2Fv2%2Fmedia&parent=46958"}],"wp:term":[{"taxonomy":"product_brand","embeddable":true,"href":"https:\/\/www.deporteseli.com\/index.php?rest_route=%2Fwp%2Fv2%2Fproduct_brand&post=46958"},{"taxonomy":"product_cat","embeddable":true,"href":"https:\/\/www.deporteseli.com\/index.php?rest_route=%2Fwp%2Fv2%2Fproduct_cat&post=46958"},{"taxonomy":"product_tag","embeddable":true,"href":"https:\/\/www.deporteseli.com\/index.php?rest_route=%2Fwp%2Fv2%2Fproduct_tag&post=46958"}],"curies":[{"name":"wp","href":"https:\/\/api.w.org\/{rel}","templated":true}]}}