{"id":46945,"date":"2026-01-27T21:27:21","date_gmt":"2026-01-27T21:27:21","guid":{"rendered":"https:\/\/www.deporteseli.com\/?product=tenis-adidas-gw6451"},"modified":"2026-04-08T04:17:52","modified_gmt":"2026-04-08T04:17:52","slug":"tenis-adidas-gw6451","status":"publish","type":"product","link":"https:\/\/www.deporteseli.com\/?product=tenis-adidas-gw6451","title":{"rendered":"TENIS ADIDAS GW6451"},"content":{"rendered":"<p>A prueba de pies activos  Con sus carreras, saltos y juegos, las zapatillas de los m\u00e1s peques tienen que estar preparadas para superar un mont\u00f3n de pruebas. Esta zapatilla adidas presenta una resistente suela de goma que ofrece un excelente agarre y no deja huellas por mucho que gatee y se mueva con ella. Cuenta con dos correas autoadherentes para poner y quitar con facilidad.    La parte superior contiene al menos un 50% de materiales reciclados. Su objetivo es plantear otra soluci\u00f3n m\u00e1s que ayude a eliminar los residuos pl\u00e1sticos.  Horma cl\u00e1sica  Cierre autoadherente  Parte superior de piel sint\u00e9tica  Forro textil  Suela de goma que no deja marcas  La parte superior contiene al menos un 50% de material reciclado  Color del art\u00edculo: Cloud White \/ Team Real Magenta \/ Core Black  N\u00famero de art\u00edculo: GW6451                                                                                                                                                                                                                                                                                                                                                                                                                                                                                                                                                                                                                                                                                                                                                                                                                                                                                                                                                                                                                                        <\/p>\n","protected":false},"excerpt":{"rendered":"<p>TENIS ADIDAS GW6451<\/p>\n","protected":false},"featured_media":59463,"template":"","meta":[],"product_brand":[],"product_cat":[392],"product_tag":[18],"class_list":{"0":"post-46945","1":"product","2":"type-product","3":"status-publish","4":"has-post-thumbnail","6":"product_cat-ninas_calzado_casual","7":"product_tag-adidas","8":"pa_color-unico","9":"pa_talla-127","10":"pa_talla-129","11":"pa_talla-131","12":"pa_talla-133","13":"pa_talla-137","14":"pa_talla-139","15":"pa_talla-35-5","16":"pa_talla-145","17":"thunk-woo-product-list","18":"opn-qv-enable","19":"open-woo-hover-","20":"open-single-product-tab-horizontal","21":"open-shadow-","22":"open-shadow-hover-","24":"first","25":"instock","26":"sale","27":"shipping-taxable","28":"purchasable","29":"product-type-variable"},"jetpack_sharing_enabled":true,"_links":{"self":[{"href":"https:\/\/www.deporteseli.com\/index.php?rest_route=\/wp\/v2\/product\/46945","targetHints":{"allow":["GET"]}}],"collection":[{"href":"https:\/\/www.deporteseli.com\/index.php?rest_route=\/wp\/v2\/product"}],"about":[{"href":"https:\/\/www.deporteseli.com\/index.php?rest_route=\/wp\/v2\/types\/product"}],"wp:featuredmedia":[{"embeddable":true,"href":"https:\/\/www.deporteseli.com\/index.php?rest_route=\/wp\/v2\/media\/59463"}],"wp:attachment":[{"href":"https:\/\/www.deporteseli.com\/index.php?rest_route=%2Fwp%2Fv2%2Fmedia&parent=46945"}],"wp:term":[{"taxonomy":"product_brand","embeddable":true,"href":"https:\/\/www.deporteseli.com\/index.php?rest_route=%2Fwp%2Fv2%2Fproduct_brand&post=46945"},{"taxonomy":"product_cat","embeddable":true,"href":"https:\/\/www.deporteseli.com\/index.php?rest_route=%2Fwp%2Fv2%2Fproduct_cat&post=46945"},{"taxonomy":"product_tag","embeddable":true,"href":"https:\/\/www.deporteseli.com\/index.php?rest_route=%2Fwp%2Fv2%2Fproduct_tag&post=46945"}],"curies":[{"name":"wp","href":"https:\/\/api.w.org\/{rel}","templated":true}]}}