{"id":46936,"date":"2026-01-27T21:27:09","date_gmt":"2026-01-27T21:27:09","guid":{"rendered":"https:\/\/www.deporteseli.com\/?product=botas-futbol-joma-aguila-fg-negro"},"modified":"2026-03-10T05:23:39","modified_gmt":"2026-03-10T05:23:39","slug":"botas-futbol-joma-aguila-fg-negro","status":"publish","type":"product","link":"https:\/\/www.deporteseli.com\/?product=botas-futbol-joma-aguila-fg-negro","title":{"rendered":"BOTAS FUTBOL JOMA AGUILA FG NEGRO"},"content":{"rendered":"<p>Botas de f\u00fatbol para jugar en terrenos firmes (FG). Estas botas polivalentes de corte cl\u00e1sico se han desarrollado para la etapa de iniciaci\u00f3n. J\u00f3venes futbolistas podr\u00e1n mejorar su t\u00e9cnica de la organizaci\u00f3n y la precisi\u00f3n con ellas.    Upper fabricado en sint\u00e9tico m\u00e1s asequible, que aporta del mismo modo resistencia y ligereza.    El contrafuerte EXO COUNTER trasero da firmeza en los cambios de direcci\u00f3n.    La suela es de fibra sint\u00e9tica, adaptada a este tipo de terreno para controlar mejorar la t\u00e9cnica de los movimientos en superficies firmes no abrasivos.  Corte en material sint\u00e9tico (Fibertech) resistente al rozamiento y ligero  Suela de fibra sint\u00e9tica  Contrafuerte EXO Counter                                                                                                                                                                                                                                                                                                                                                                                                                                                                                                                                                                                                                                                                                                                                                                                                                                                                                                                                                                                                                                        <\/p>\n","protected":false},"excerpt":{"rendered":"<p>BOTAS FUTBOL JOMA AGUILA FG NEGRO<\/p>\n","protected":false},"featured_media":59456,"template":"","meta":[],"product_brand":[],"product_cat":[318],"product_tag":[31],"class_list":{"0":"post-46936","1":"product","2":"type-product","3":"status-publish","4":"has-post-thumbnail","6":"product_cat-deportes_futbol_botas","7":"product_tag-joma","8":"pa_color-unico","9":"pa_talla-151","10":"pa_talla-155","11":"pa_talla-157","12":"pa_talla-159","13":"thunk-woo-product-list","14":"opn-qv-enable","15":"open-woo-hover-","16":"open-single-product-tab-horizontal","17":"open-shadow-","18":"open-shadow-hover-","20":"first","21":"instock","22":"sale","23":"shipping-taxable","24":"purchasable","25":"product-type-variable"},"jetpack_sharing_enabled":true,"_links":{"self":[{"href":"https:\/\/www.deporteseli.com\/index.php?rest_route=\/wp\/v2\/product\/46936","targetHints":{"allow":["GET"]}}],"collection":[{"href":"https:\/\/www.deporteseli.com\/index.php?rest_route=\/wp\/v2\/product"}],"about":[{"href":"https:\/\/www.deporteseli.com\/index.php?rest_route=\/wp\/v2\/types\/product"}],"wp:featuredmedia":[{"embeddable":true,"href":"https:\/\/www.deporteseli.com\/index.php?rest_route=\/wp\/v2\/media\/59456"}],"wp:attachment":[{"href":"https:\/\/www.deporteseli.com\/index.php?rest_route=%2Fwp%2Fv2%2Fmedia&parent=46936"}],"wp:term":[{"taxonomy":"product_brand","embeddable":true,"href":"https:\/\/www.deporteseli.com\/index.php?rest_route=%2Fwp%2Fv2%2Fproduct_brand&post=46936"},{"taxonomy":"product_cat","embeddable":true,"href":"https:\/\/www.deporteseli.com\/index.php?rest_route=%2Fwp%2Fv2%2Fproduct_cat&post=46936"},{"taxonomy":"product_tag","embeddable":true,"href":"https:\/\/www.deporteseli.com\/index.php?rest_route=%2Fwp%2Fv2%2Fproduct_tag&post=46936"}],"curies":[{"name":"wp","href":"https:\/\/api.w.org\/{rel}","templated":true}]}}