{"id":46934,"date":"2026-01-27T21:27:07","date_gmt":"2026-01-27T21:27:07","guid":{"rendered":"https:\/\/www.deporteseli.com\/?product=paletero-bullpadel-bpp26021-pearl-azul-verdos"},"modified":"2026-01-27T21:27:08","modified_gmt":"2026-01-27T21:27:08","slug":"paletero-bullpadel-bpp26021-pearl-azul-verdos","status":"publish","type":"product","link":"https:\/\/www.deporteseli.com\/?product=paletero-bullpadel-bpp26021-pearl-azul-verdos","title":{"rendered":"PALETERO BULLPADEL BPP26021 PEARL AZUL VERDOS"},"content":{"rendered":"<p>Paletero PEARL: Estilo, ligereza y m\u00e1xima capacidad    Dise\u00f1ado para acompa\u00f1ar a la pala Pearl de la jugadora Bea Gonz\u00e1lez, el nuevo paletero Pearl es mucho m\u00e1s que un accesorio: es la fusi\u00f3n perfecta entre funcionalidad, ligereza y elegancia.    Con un compartimento principal espacioso para todo lo esencial, dos compartimentos t\u00e9rmicos con capacidad para hasta cuatro palas, y un \u00e1rea independiente y ventilada para ropa y calzado, este paletero te ofrece una organizaci\u00f3n impecable y profesional.    \u00bfNecesitas acceso r\u00e1pido? Su bolsillo lateral te permite tener tus objetos m\u00e1s importantes siempre a mano.    Todo ello rematado con el toque exclusivo de la firma de Bea Gonz\u00e1lez, que convierte al paletero Pearl en un s\u00edmbolo de rendimiento y estilo sin concesiones.                                                                                                                                                                                                                                                                                                                                                                                                                                                                                                                                                                                                                                                                                                                                                                                                                                                                                                                                                                                                                                        <\/p>\n","protected":false},"excerpt":{"rendered":"<p>PALETERO BULLPADEL BPP26021 PEARL AZUL VERDOS<\/p>\n","protected":false},"featured_media":59451,"template":"","meta":[],"product_brand":[],"product_cat":[354],"product_tag":[21],"class_list":{"0":"post-46934","1":"product","2":"type-product","3":"status-publish","4":"has-post-thumbnail","6":"product_cat-padel_y_tenis_paleteros","7":"product_tag-bull_padel","8":"pa_color-unico","9":"pa_talla-unica","10":"thunk-woo-product-list","11":"opn-qv-enable","12":"open-woo-hover-","13":"open-single-product-tab-horizontal","14":"open-shadow-","15":"open-shadow-hover-","17":"first","18":"instock","19":"sale","20":"shipping-taxable","21":"purchasable","22":"product-type-variable"},"jetpack_sharing_enabled":true,"_links":{"self":[{"href":"https:\/\/www.deporteseli.com\/index.php?rest_route=\/wp\/v2\/product\/46934","targetHints":{"allow":["GET"]}}],"collection":[{"href":"https:\/\/www.deporteseli.com\/index.php?rest_route=\/wp\/v2\/product"}],"about":[{"href":"https:\/\/www.deporteseli.com\/index.php?rest_route=\/wp\/v2\/types\/product"}],"wp:featuredmedia":[{"embeddable":true,"href":"https:\/\/www.deporteseli.com\/index.php?rest_route=\/wp\/v2\/media\/59451"}],"wp:attachment":[{"href":"https:\/\/www.deporteseli.com\/index.php?rest_route=%2Fwp%2Fv2%2Fmedia&parent=46934"}],"wp:term":[{"taxonomy":"product_brand","embeddable":true,"href":"https:\/\/www.deporteseli.com\/index.php?rest_route=%2Fwp%2Fv2%2Fproduct_brand&post=46934"},{"taxonomy":"product_cat","embeddable":true,"href":"https:\/\/www.deporteseli.com\/index.php?rest_route=%2Fwp%2Fv2%2Fproduct_cat&post=46934"},{"taxonomy":"product_tag","embeddable":true,"href":"https:\/\/www.deporteseli.com\/index.php?rest_route=%2Fwp%2Fv2%2Fproduct_tag&post=46934"}],"curies":[{"name":"wp","href":"https:\/\/api.w.org\/{rel}","templated":true}]}}